{"id":2154,"date":"2026-01-24T13:04:51","date_gmt":"2026-01-24T12:04:51","guid":{"rendered":"https:\/\/stefacovi.si\/?page_id=2154"},"modified":"2026-02-26T11:22:16","modified_gmt":"2026-02-26T10:22:16","slug":"projekti","status":"publish","type":"page","link":"https:\/\/pristefacovih.si\/en\/projekti\/","title":{"rendered":"Projects"},"content":{"rendered":"<div data-elementor-type=\"wp-page\" data-elementor-id=\"2154\" class=\"elementor elementor-2154\" data-elementor-post-type=\"page\">\n\t\t\t\t<div class=\"elementor-element elementor-element-023f078 e-flex e-con-boxed e-con e-parent\" data-id=\"023f078\" data-element_type=\"container\" data-settings=\"{&quot;background_background&quot;:&quot;classic&quot;}\">\n\t\t\t\t\t<div class=\"e-con-inner\">\n\t\t<div class=\"elementor-element elementor-element-d657578 e-con-full e-flex e-con e-child\" data-id=\"d657578\" data-element_type=\"container\">\n\t\t\t\t<div class=\"elementor-element elementor-element-f68ecb1 elementor-widget elementor-widget-heading\" data-id=\"f68ecb1\" data-element_type=\"widget\" data-widget_type=\"heading.default\">\n\t\t\t\t\t<h2 class=\"elementor-heading-title elementor-size-default\">Restoration of the Pri \u0160tefacovih Homestead\n<\/h2>\t\t\t\t<\/div>\n\t\t\t\t<div class=\"elementor-element elementor-element-9a3eed0 elementor-widget elementor-widget-text-editor\" data-id=\"9a3eed0\" data-element_type=\"widget\" data-widget_type=\"text-editor.default\">\n\t\t\t\t\t\t\t\t\t<p>The renovation of the homestead was done with great love and respect for the ancestors. Faith guided her with memories of her childhood and the understanding that \u017derovnica, as a monument-protected village, requires a thoughtful, unobtrusive approach. The goal was not to change the space, but to allow it to remain what it was \u2013 just more alive.<\/p>\t\t\t\t\t\t\t\t<\/div>\n\t\t\t\t<div class=\"elementor-element elementor-element-b748e0f elementor-align-center elementor-widget elementor-widget-button\" data-id=\"b748e0f\" data-element_type=\"widget\" data-widget_type=\"button.default\">\n\t\t\t\t\t\t\t\t\t\t<a class=\"elementor-button elementor-button-link elementor-size-sm\" href=\"https:\/\/pristefacovih.si\/en\/projekti\/obnova-domacije\/\">\n\t\t\t\t\t\t<span class=\"elementor-button-content-wrapper\">\n\t\t\t\t\t\t\t\t\t<span class=\"elementor-button-text\">View more<\/span>\n\t\t\t\t\t<\/span>\n\t\t\t\t\t<\/a>\n\t\t\t\t\t\t\t\t<\/div>\n\t\t\t\t<\/div>\n\t\t<div class=\"elementor-element elementor-element-b6ee29b e-con-full e-flex e-con e-child\" data-id=\"b6ee29b\" data-element_type=\"container\">\n\t\t\t\t<div class=\"elementor-element elementor-element-ecb8c2b elementor-widget elementor-widget-image\" data-id=\"ecb8c2b\" data-element_type=\"widget\" data-widget_type=\"image.default\">\n\t\t\t\t\t\t\t\t\t\t\t\t\t\t\t<img fetchpriority=\"high\" decoding=\"async\" width=\"240\" height=\"300\" src=\"https:\/\/pristefacovih.si\/wp-content\/uploads\/2026\/02\/9434516F-46F2-4CF0-B5F7-16179BBAA79A-240x300.jpg\" class=\"attachment-medium size-medium wp-image-2708\" alt=\"\" srcset=\"https:\/\/pristefacovih.si\/wp-content\/uploads\/2026\/02\/9434516F-46F2-4CF0-B5F7-16179BBAA79A-240x300.jpg 240w, https:\/\/pristefacovih.si\/wp-content\/uploads\/2026\/02\/9434516F-46F2-4CF0-B5F7-16179BBAA79A-819x1024.jpg 819w, https:\/\/pristefacovih.si\/wp-content\/uploads\/2026\/02\/9434516F-46F2-4CF0-B5F7-16179BBAA79A-768x960.jpg 768w, https:\/\/pristefacovih.si\/wp-content\/uploads\/2026\/02\/9434516F-46F2-4CF0-B5F7-16179BBAA79A-1229x1536.jpg 1229w, https:\/\/pristefacovih.si\/wp-content\/uploads\/2026\/02\/9434516F-46F2-4CF0-B5F7-16179BBAA79A-1638x2048.jpg 1638w, https:\/\/pristefacovih.si\/wp-content\/uploads\/2026\/02\/9434516F-46F2-4CF0-B5F7-16179BBAA79A-10x12.jpg 10w, https:\/\/pristefacovih.si\/wp-content\/uploads\/2026\/02\/9434516F-46F2-4CF0-B5F7-16179BBAA79A-scaled.jpg 2048w\" sizes=\"(max-width: 240px) 100vw, 240px\" \/>\t\t\t\t\t\t\t\t\t\t\t\t\t\t\t<\/div>\n\t\t\t\t<\/div>\n\t\t\t\t\t<\/div>\n\t\t\t\t<\/div>\n\t\t<div class=\"elementor-element elementor-element-fe00760 e-flex e-con-boxed e-con e-parent\" data-id=\"fe00760\" data-element_type=\"container\" data-settings=\"{&quot;background_background&quot;:&quot;classic&quot;}\">\n\t\t\t\t\t<div class=\"e-con-inner\">\n\t\t<div class=\"elementor-element elementor-element-0c5cba6 e-con-full e-flex e-con e-child\" data-id=\"0c5cba6\" data-element_type=\"container\">\n\t\t\t\t<div class=\"elementor-element elementor-element-83722aa elementor-widget elementor-widget-image\" data-id=\"83722aa\" data-element_type=\"widget\" data-widget_type=\"image.default\">\n\t\t\t\t\t\t\t\t\t\t\t\t\t\t\t<img decoding=\"async\" width=\"200\" height=\"300\" src=\"https:\/\/pristefacovih.si\/wp-content\/uploads\/2026\/02\/ChatGPT-Image-10.-feb.-2026-18_53_05-1-200x300.png\" class=\"attachment-medium size-medium wp-image-2628\" alt=\"\" srcset=\"https:\/\/pristefacovih.si\/wp-content\/uploads\/2026\/02\/ChatGPT-Image-10.-feb.-2026-18_53_05-1-200x300.png 200w, https:\/\/pristefacovih.si\/wp-content\/uploads\/2026\/02\/ChatGPT-Image-10.-feb.-2026-18_53_05-1-683x1024.png 683w, https:\/\/pristefacovih.si\/wp-content\/uploads\/2026\/02\/ChatGPT-Image-10.-feb.-2026-18_53_05-1-768x1152.png 768w, https:\/\/pristefacovih.si\/wp-content\/uploads\/2026\/02\/ChatGPT-Image-10.-feb.-2026-18_53_05-1-8x12.png 8w, https:\/\/pristefacovih.si\/wp-content\/uploads\/2026\/02\/ChatGPT-Image-10.-feb.-2026-18_53_05-1.png 1024w\" sizes=\"(max-width: 200px) 100vw, 200px\" \/>\t\t\t\t\t\t\t\t\t\t\t\t\t\t\t<\/div>\n\t\t\t\t<\/div>\n\t\t<div class=\"elementor-element elementor-element-5c2aaf1 e-con-full e-flex e-con e-child\" data-id=\"5c2aaf1\" data-element_type=\"container\">\n\t\t\t\t<div class=\"elementor-element elementor-element-0d319bf elementor-widget elementor-widget-text-editor\" data-id=\"0d319bf\" data-element_type=\"widget\" data-widget_type=\"text-editor.default\">\n\t\t\t\t\t\t\t\t\t<p><strong>Project From Poaching to Sustainability<\/strong><\/p>\t\t\t\t\t\t\t\t<\/div>\n\t\t\t\t<div class=\"elementor-element elementor-element-906c792 elementor-widget elementor-widget-text-editor\" data-id=\"906c792\" data-element_type=\"widget\" data-widget_type=\"text-editor.default\">\n\t\t\t\t\t\t\t\t\t<p><em>From Poaching to Sustainability<\/em>\u00a0project connects the rich fishing heritage of Lake Cerknica with today's understanding of nature conservation and sustainable development.<\/p>\t\t\t\t\t\t\t\t<\/div>\n\t\t\t\t<div class=\"elementor-element elementor-element-ee2b05c elementor-align-center elementor-widget elementor-widget-button\" data-id=\"ee2b05c\" data-element_type=\"widget\" data-widget_type=\"button.default\">\n\t\t\t\t\t\t\t\t\t\t<a class=\"elementor-button elementor-button-link elementor-size-sm\" href=\"https:\/\/pristefacovih.si\/en\/projekti\/od-krivolova-do-trajnosti\/\">\n\t\t\t\t\t\t<span class=\"elementor-button-content-wrapper\">\n\t\t\t\t\t\t\t\t\t<span class=\"elementor-button-text\">View more<\/span>\n\t\t\t\t\t<\/span>\n\t\t\t\t\t<\/a>\n\t\t\t\t\t\t\t\t<\/div>\n\t\t\t\t<\/div>\n\t\t\t\t\t<\/div>\n\t\t\t\t<\/div>\n\t\t\t\t<\/div>","protected":false},"excerpt":{"rendered":"<p>Obnova doma\u010dije Pri \u0160tefacovih Obnova doma\u010dije je potekala z veliko ljubezni in spo\u0161tovanja do prednikov. Vera jo je vodila s [&hellip;]<\/p>\n","protected":false},"author":1,"featured_media":0,"parent":0,"menu_order":0,"comment_status":"closed","ping_status":"closed","template":"","meta":{"site-sidebar-layout":"no-sidebar","site-content-layout":"","ast-site-content-layout":"full-width-container","site-content-style":"default","site-sidebar-style":"default","ast-global-header-display":"","ast-banner-title-visibility":"","ast-main-header-display":"","ast-hfb-above-header-display":"","ast-hfb-below-header-display":"","ast-hfb-mobile-header-display":"","site-post-title":"","ast-breadcrumbs-content":"","ast-featured-img":"disabled","footer-sml-layout":"","ast-disable-related-posts":"","theme-transparent-header-meta":"","adv-header-id-meta":"","stick-header-meta":"","header-above-stick-meta":"","header-main-stick-meta":"","header-below-stick-meta":"","astra-migrate-meta-layouts":"default","ast-page-background-enabled":"default","ast-page-background-meta":{"desktop":{"background-color":"var(--ast-global-color-5)","background-image":"","background-repeat":"repeat","background-position":"center center","background-size":"auto","background-attachment":"scroll","background-type":"","background-media":"","overlay-type":"","overlay-color":"","overlay-opacity":"","overlay-gradient":""},"tablet":{"background-color":"","background-image":"","background-repeat":"repeat","background-position":"center center","background-size":"auto","background-attachment":"scroll","background-type":"","background-media":"","overlay-type":"","overlay-color":"","overlay-opacity":"","overlay-gradient":""},"mobile":{"background-color":"","background-image":"","background-repeat":"repeat","background-position":"center center","background-size":"auto","background-attachment":"scroll","background-type":"","background-media":"","overlay-type":"","overlay-color":"","overlay-opacity":"","overlay-gradient":""}},"ast-content-background-meta":{"desktop":{"background-color":"var(--ast-global-color-4)","background-image":"","background-repeat":"repeat","background-position":"center center","background-size":"auto","background-attachment":"scroll","background-type":"","background-media":"","overlay-type":"","overlay-color":"","overlay-opacity":"","overlay-gradient":""},"tablet":{"background-color":"var(--ast-global-color-4)","background-image":"","background-repeat":"repeat","background-position":"center center","background-size":"auto","background-attachment":"scroll","background-type":"","background-media":"","overlay-type":"","overlay-color":"","overlay-opacity":"","overlay-gradient":""},"mobile":{"background-color":"var(--ast-global-color-4)","background-image":"","background-repeat":"repeat","background-position":"center center","background-size":"auto","background-attachment":"scroll","background-type":"","background-media":"","overlay-type":"","overlay-color":"","overlay-opacity":"","overlay-gradient":""}},"footnotes":""},"class_list":["post-2154","page","type-page","status-publish","hentry"],"yoast_head":"<!-- This site is optimized with the Yoast SEO plugin v26.9 - https:\/\/yoast.com\/product\/yoast-seo-wordpress\/ -->\n<title>Projekti - Pri \u0160tefacovih \u2013 avtenti\u010dna hi\u0161a<\/title>\n<meta name=\"robots\" content=\"index, follow, max-snippet:-1, max-image-preview:large, max-video-preview:-1\" \/>\n<link rel=\"canonical\" href=\"https:\/\/pristefacovih.si\/en\/projekti\/\" \/>\n<meta property=\"og:locale\" content=\"en_GB\" \/>\n<meta property=\"og:type\" content=\"article\" \/>\n<meta property=\"og:title\" content=\"Projekti - Pri \u0160tefacovih \u2013 avtenti\u010dna hi\u0161a\" \/>\n<meta property=\"og:description\" content=\"Obnova doma\u010dije Pri \u0160tefacovih Obnova doma\u010dije je potekala z veliko ljubezni in spo\u0161tovanja do prednikov. Vera jo je vodila s [&hellip;]\" \/>\n<meta property=\"og:url\" content=\"https:\/\/pristefacovih.si\/en\/projekti\/\" \/>\n<meta property=\"og:site_name\" content=\"Pri \u0160tefacovih \u2013 avtenti\u010dna hi\u0161a\" \/>\n<meta property=\"article:publisher\" content=\"https:\/\/www.facebook.com\/share\/17wXZdvs8B\/?mibextid=wwXIfr\" \/>\n<meta property=\"article:modified_time\" content=\"2026-02-26T10:22:16+00:00\" \/>\n<meta property=\"og:image\" content=\"https:\/\/pristefacovih.si\/wp-content\/uploads\/2026\/02\/9434516F-46F2-4CF0-B5F7-16179BBAA79A-scaled.jpg\" \/>\n\t<meta property=\"og:image:width\" content=\"2048\" \/>\n\t<meta property=\"og:image:height\" content=\"2560\" \/>\n\t<meta property=\"og:image:type\" content=\"image\/jpeg\" \/>\n<meta name=\"twitter:card\" content=\"summary_large_image\" \/>\n<meta name=\"twitter:label1\" content=\"Estimated reading time\" \/>\n\t<meta name=\"twitter:data1\" content=\"1 minute\" \/>\n<script type=\"application\/ld+json\" class=\"yoast-schema-graph\">{\"@context\":\"https:\/\/schema.org\",\"@graph\":[{\"@type\":\"WebPage\",\"@id\":\"https:\/\/pristefacovih.si\/projekti\/\",\"url\":\"https:\/\/pristefacovih.si\/projekti\/\",\"name\":\"Projekti - Pri \u0160tefacovih \u2013 avtenti\u010dna hi\u0161a\",\"isPartOf\":{\"@id\":\"https:\/\/pristefacovih.si\/#website\"},\"primaryImageOfPage\":{\"@id\":\"https:\/\/pristefacovih.si\/projekti\/#primaryimage\"},\"image\":{\"@id\":\"https:\/\/pristefacovih.si\/projekti\/#primaryimage\"},\"thumbnailUrl\":\"https:\/\/pristefacovih.si\/wp-content\/uploads\/2026\/02\/9434516F-46F2-4CF0-B5F7-16179BBAA79A-240x300.jpg\",\"datePublished\":\"2026-01-24T12:04:51+00:00\",\"dateModified\":\"2026-02-26T10:22:16+00:00\",\"breadcrumb\":{\"@id\":\"https:\/\/pristefacovih.si\/projekti\/#breadcrumb\"},\"inLanguage\":\"en-GB\",\"potentialAction\":[{\"@type\":\"ReadAction\",\"target\":[\"https:\/\/pristefacovih.si\/projekti\/\"]}]},{\"@type\":\"ImageObject\",\"inLanguage\":\"en-GB\",\"@id\":\"https:\/\/pristefacovih.si\/projekti\/#primaryimage\",\"url\":\"https:\/\/pristefacovih.si\/wp-content\/uploads\/2026\/02\/9434516F-46F2-4CF0-B5F7-16179BBAA79A-240x300.jpg\",\"contentUrl\":\"https:\/\/pristefacovih.si\/wp-content\/uploads\/2026\/02\/9434516F-46F2-4CF0-B5F7-16179BBAA79A-240x300.jpg\"},{\"@type\":\"BreadcrumbList\",\"@id\":\"https:\/\/pristefacovih.si\/projekti\/#breadcrumb\",\"itemListElement\":[{\"@type\":\"ListItem\",\"position\":1,\"name\":\"Home\",\"item\":\"https:\/\/pristefacovih.si\/\"},{\"@type\":\"ListItem\",\"position\":2,\"name\":\"Projekti\"}]},{\"@type\":\"WebSite\",\"@id\":\"https:\/\/pristefacovih.si\/#website\",\"url\":\"https:\/\/pristefacovih.si\/\",\"name\":\"Pri \u0160tefacovih\",\"description\":\"Buti\u010dna nastanitev v srcu Notranjske\",\"publisher\":{\"@id\":\"https:\/\/pristefacovih.si\/#organization\"},\"potentialAction\":[{\"@type\":\"SearchAction\",\"target\":{\"@type\":\"EntryPoint\",\"urlTemplate\":\"https:\/\/pristefacovih.si\/?s={search_term_string}\"},\"query-input\":{\"@type\":\"PropertyValueSpecification\",\"valueRequired\":true,\"valueName\":\"search_term_string\"}}],\"inLanguage\":\"en-GB\"},{\"@type\":\"Organization\",\"@id\":\"https:\/\/pristefacovih.si\/#organization\",\"name\":\"Pri \u0160tefacovih\",\"url\":\"https:\/\/pristefacovih.si\/\",\"logo\":{\"@type\":\"ImageObject\",\"inLanguage\":\"en-GB\",\"@id\":\"https:\/\/pristefacovih.si\/#\/schema\/logo\/image\/\",\"url\":\"https:\/\/pristefacovih.si\/wp-content\/uploads\/2025\/12\/pri-stefacovih_logo-za-glavo-racuna-21-1.png\",\"contentUrl\":\"https:\/\/pristefacovih.si\/wp-content\/uploads\/2025\/12\/pri-stefacovih_logo-za-glavo-racuna-21-1.png\",\"width\":965,\"height\":312,\"caption\":\"Pri \u0160tefacovih\"},\"image\":{\"@id\":\"https:\/\/pristefacovih.si\/#\/schema\/logo\/image\/\"},\"sameAs\":[\"https:\/\/www.facebook.com\/share\/17wXZdvs8B\/?mibextid=wwXIfr\",\"https:\/\/www.instagram.com\/stefacovi\/\"]}]}<\/script>\n<!-- \/ Yoast SEO plugin. -->","yoast_head_json":{"title":"Projekti - Pri \u0160tefacovih \u2013 avtenti\u010dna hi\u0161a","robots":{"index":"index","follow":"follow","max-snippet":"max-snippet:-1","max-image-preview":"max-image-preview:large","max-video-preview":"max-video-preview:-1"},"canonical":"https:\/\/pristefacovih.si\/en\/projekti\/","og_locale":"en_GB","og_type":"article","og_title":"Projekti - Pri \u0160tefacovih \u2013 avtenti\u010dna hi\u0161a","og_description":"Obnova doma\u010dije Pri \u0160tefacovih Obnova doma\u010dije je potekala z veliko ljubezni in spo\u0161tovanja do prednikov. Vera jo je vodila s [&hellip;]","og_url":"https:\/\/pristefacovih.si\/en\/projekti\/","og_site_name":"Pri \u0160tefacovih \u2013 avtenti\u010dna hi\u0161a","article_publisher":"https:\/\/www.facebook.com\/share\/17wXZdvs8B\/?mibextid=wwXIfr","article_modified_time":"2026-02-26T10:22:16+00:00","og_image":[{"width":2048,"height":2560,"url":"https:\/\/pristefacovih.si\/wp-content\/uploads\/2026\/02\/9434516F-46F2-4CF0-B5F7-16179BBAA79A-scaled.jpg","type":"image\/jpeg"}],"twitter_card":"summary_large_image","twitter_misc":{"Estimated reading time":"1 minute"},"schema":{"@context":"https:\/\/schema.org","@graph":[{"@type":"WebPage","@id":"https:\/\/pristefacovih.si\/projekti\/","url":"https:\/\/pristefacovih.si\/projekti\/","name":"Projekti - Pri \u0160tefacovih \u2013 avtenti\u010dna hi\u0161a","isPartOf":{"@id":"https:\/\/pristefacovih.si\/#website"},"primaryImageOfPage":{"@id":"https:\/\/pristefacovih.si\/projekti\/#primaryimage"},"image":{"@id":"https:\/\/pristefacovih.si\/projekti\/#primaryimage"},"thumbnailUrl":"https:\/\/pristefacovih.si\/wp-content\/uploads\/2026\/02\/9434516F-46F2-4CF0-B5F7-16179BBAA79A-240x300.jpg","datePublished":"2026-01-24T12:04:51+00:00","dateModified":"2026-02-26T10:22:16+00:00","breadcrumb":{"@id":"https:\/\/pristefacovih.si\/projekti\/#breadcrumb"},"inLanguage":"en-GB","potentialAction":[{"@type":"ReadAction","target":["https:\/\/pristefacovih.si\/projekti\/"]}]},{"@type":"ImageObject","inLanguage":"en-GB","@id":"https:\/\/pristefacovih.si\/projekti\/#primaryimage","url":"https:\/\/pristefacovih.si\/wp-content\/uploads\/2026\/02\/9434516F-46F2-4CF0-B5F7-16179BBAA79A-240x300.jpg","contentUrl":"https:\/\/pristefacovih.si\/wp-content\/uploads\/2026\/02\/9434516F-46F2-4CF0-B5F7-16179BBAA79A-240x300.jpg"},{"@type":"BreadcrumbList","@id":"https:\/\/pristefacovih.si\/projekti\/#breadcrumb","itemListElement":[{"@type":"ListItem","position":1,"name":"Home","item":"https:\/\/pristefacovih.si\/"},{"@type":"ListItem","position":2,"name":"Projekti"}]},{"@type":"WebSite","@id":"https:\/\/pristefacovih.si\/#website","url":"https:\/\/pristefacovih.si\/","name":"Pri \u0160tefacovih","description":"Buti\u010dna nastanitev v srcu Notranjske","publisher":{"@id":"https:\/\/pristefacovih.si\/#organization"},"potentialAction":[{"@type":"SearchAction","target":{"@type":"EntryPoint","urlTemplate":"https:\/\/pristefacovih.si\/?s={search_term_string}"},"query-input":{"@type":"PropertyValueSpecification","valueRequired":true,"valueName":"search_term_string"}}],"inLanguage":"en-GB"},{"@type":"Organization","@id":"https:\/\/pristefacovih.si\/#organization","name":"Pri \u0160tefacovih","url":"https:\/\/pristefacovih.si\/","logo":{"@type":"ImageObject","inLanguage":"en-GB","@id":"https:\/\/pristefacovih.si\/#\/schema\/logo\/image\/","url":"https:\/\/pristefacovih.si\/wp-content\/uploads\/2025\/12\/pri-stefacovih_logo-za-glavo-racuna-21-1.png","contentUrl":"https:\/\/pristefacovih.si\/wp-content\/uploads\/2025\/12\/pri-stefacovih_logo-za-glavo-racuna-21-1.png","width":965,"height":312,"caption":"Pri \u0160tefacovih"},"image":{"@id":"https:\/\/pristefacovih.si\/#\/schema\/logo\/image\/"},"sameAs":["https:\/\/www.facebook.com\/share\/17wXZdvs8B\/?mibextid=wwXIfr","https:\/\/www.instagram.com\/stefacovi\/"]}]}},"_links":{"self":[{"href":"https:\/\/pristefacovih.si\/en\/wp-json\/wp\/v2\/pages\/2154","targetHints":{"allow":["GET"]}}],"collection":[{"href":"https:\/\/pristefacovih.si\/en\/wp-json\/wp\/v2\/pages"}],"about":[{"href":"https:\/\/pristefacovih.si\/en\/wp-json\/wp\/v2\/types\/page"}],"author":[{"embeddable":true,"href":"https:\/\/pristefacovih.si\/en\/wp-json\/wp\/v2\/users\/1"}],"replies":[{"embeddable":true,"href":"https:\/\/pristefacovih.si\/en\/wp-json\/wp\/v2\/comments?post=2154"}],"version-history":[{"count":145,"href":"https:\/\/pristefacovih.si\/en\/wp-json\/wp\/v2\/pages\/2154\/revisions"}],"predecessor-version":[{"id":2752,"href":"https:\/\/pristefacovih.si\/en\/wp-json\/wp\/v2\/pages\/2154\/revisions\/2752"}],"wp:attachment":[{"href":"https:\/\/pristefacovih.si\/en\/wp-json\/wp\/v2\/media?parent=2154"}],"curies":[{"name":"wp","href":"https:\/\/api.w.org\/{rel}","templated":true}]}}