{"id":2510,"date":"2026-02-12T11:02:34","date_gmt":"2026-02-12T10:02:34","guid":{"rendered":"https:\/\/stefacovi.si\/?page_id=2510"},"modified":"2026-02-16T13:58:13","modified_gmt":"2026-02-16T12:58:13","slug":"obnova-domacije","status":"publish","type":"page","link":"https:\/\/pristefacovih.si\/en\/projekti\/obnova-domacije\/","title":{"rendered":"Obnova doma\u010dije"},"content":{"rendered":"<div data-elementor-type=\"wp-page\" data-elementor-id=\"2510\" class=\"elementor elementor-2510\" data-elementor-post-type=\"page\">\n\t\t\t\t<div class=\"elementor-element elementor-element-93a44eb e-flex e-con-boxed e-con e-parent\" data-id=\"93a44eb\" data-element_type=\"container\" data-settings=\"{&quot;background_background&quot;:&quot;classic&quot;}\">\n\t\t\t\t\t<div class=\"e-con-inner\">\n\t\t<div class=\"elementor-element elementor-element-354e0c4 e-con-full e-flex e-con e-child\" data-id=\"354e0c4\" data-element_type=\"container\">\n\t\t\t\t<div class=\"elementor-element elementor-element-378a0ff elementor-widget elementor-widget-text-editor\" data-id=\"378a0ff\" data-element_type=\"widget\" data-widget_type=\"text-editor.default\">\n\t\t\t\t\t\t\t\t\t<p><span style=\"font-style: inherit; font-weight: inherit;\">Project: <strong>Restoration of the Pri \u0160tefacovih Homestead<\/strong><\/span><\/p><p>Obnova je bila so-financirana iz sredstev Evropskega kmetijskega sklada za razvoj pode\u017eelja, v okviru 2. javnega razpisa za podukrep 6.4 &#8211; Podpora za nalo\u017ebe v vzpostavitev in razvoj nekmetijskih dejavnosti.<\/p><p data-start=\"1045\" data-end=\"1128\">Location: \u017derovnica<br data-start=\"1091\" data-end=\"1094\" \/>Year; 2021-2024<br data-start=\"1104\" data-end=\"1107\" \/>Author of the renovation: Vera Kranjc<\/p><p data-start=\"1130\" data-end=\"1209\">\u00a0<\/p>\t\t\t\t\t\t\t\t<\/div>\n\t\t\t\t<div class=\"elementor-element elementor-element-712fa42 elementor-widget elementor-widget-image\" data-id=\"712fa42\" data-element_type=\"widget\" data-widget_type=\"image.default\">\n\t\t\t\t\t\t\t\t\t\t\t\t\t\t\t<img fetchpriority=\"high\" decoding=\"async\" width=\"853\" height=\"640\" src=\"https:\/\/pristefacovih.si\/wp-content\/uploads\/2026\/02\/DF1315D7-ACA8-4FFF-883E-0E6B5548E6C4.jpg\" class=\"attachment-large size-large wp-image-2688\" alt=\"\" srcset=\"https:\/\/pristefacovih.si\/wp-content\/uploads\/2026\/02\/DF1315D7-ACA8-4FFF-883E-0E6B5548E6C4.jpg 853w, https:\/\/pristefacovih.si\/wp-content\/uploads\/2026\/02\/DF1315D7-ACA8-4FFF-883E-0E6B5548E6C4-300x225.jpg 300w, https:\/\/pristefacovih.si\/wp-content\/uploads\/2026\/02\/DF1315D7-ACA8-4FFF-883E-0E6B5548E6C4-768x576.jpg 768w, https:\/\/pristefacovih.si\/wp-content\/uploads\/2026\/02\/DF1315D7-ACA8-4FFF-883E-0E6B5548E6C4-16x12.jpg 16w\" sizes=\"(max-width: 853px) 100vw, 853px\" \/>\t\t\t\t\t\t\t\t\t\t\t\t\t\t\t<\/div>\n\t\t\t\t<\/div>\n\t\t<div class=\"elementor-element elementor-element-569da68 e-con-full e-flex e-con e-child\" data-id=\"569da68\" data-element_type=\"container\">\n\t\t\t\t<div class=\"elementor-element elementor-element-5b2aecb elementor-widget elementor-widget-image\" data-id=\"5b2aecb\" data-element_type=\"widget\" data-widget_type=\"image.default\">\n\t\t\t\t\t\t\t\t\t\t\t\t\t\t\t<img decoding=\"async\" width=\"768\" height=\"576\" src=\"https:\/\/pristefacovih.si\/wp-content\/uploads\/2026\/02\/IMG_3421-768x576.jpeg\" class=\"attachment-medium_large size-medium_large wp-image-2384\" alt=\"resoration\" srcset=\"https:\/\/pristefacovih.si\/wp-content\/uploads\/2026\/02\/IMG_3421-768x576.jpeg 768w, https:\/\/pristefacovih.si\/wp-content\/uploads\/2026\/02\/IMG_3421-300x225.jpeg 300w, https:\/\/pristefacovih.si\/wp-content\/uploads\/2026\/02\/IMG_3421-1024x768.jpeg 1024w, https:\/\/pristefacovih.si\/wp-content\/uploads\/2026\/02\/IMG_3421-1536x1152.jpeg 1536w, https:\/\/pristefacovih.si\/wp-content\/uploads\/2026\/02\/IMG_3421-2048x1536.jpeg 2048w, https:\/\/pristefacovih.si\/wp-content\/uploads\/2026\/02\/IMG_3421-16x12.jpeg 16w\" sizes=\"(max-width: 768px) 100vw, 768px\" \/>\t\t\t\t\t\t\t\t\t\t\t\t\t\t\t<\/div>\n\t\t\t\t<div class=\"elementor-element elementor-element-53f8920 elementor-widget elementor-widget-image\" data-id=\"53f8920\" data-element_type=\"widget\" data-widget_type=\"image.default\">\n\t\t\t\t\t\t\t\t\t\t\t\t\t\t\t<img decoding=\"async\" width=\"225\" height=\"300\" src=\"https:\/\/pristefacovih.si\/wp-content\/uploads\/2026\/02\/IMG_3099-225x300.jpeg\" class=\"attachment-medium size-medium wp-image-2396\" alt=\"\" srcset=\"https:\/\/pristefacovih.si\/wp-content\/uploads\/2026\/02\/IMG_3099-225x300.jpeg 225w, https:\/\/pristefacovih.si\/wp-content\/uploads\/2026\/02\/IMG_3099-768x1024.jpeg 768w, https:\/\/pristefacovih.si\/wp-content\/uploads\/2026\/02\/IMG_3099-1152x1536.jpeg 1152w, https:\/\/pristefacovih.si\/wp-content\/uploads\/2026\/02\/IMG_3099-1536x2048.jpeg 1536w, https:\/\/pristefacovih.si\/wp-content\/uploads\/2026\/02\/IMG_3099-9x12.jpeg 9w, https:\/\/pristefacovih.si\/wp-content\/uploads\/2026\/02\/IMG_3099-scaled.jpeg 1920w\" sizes=\"(max-width: 225px) 100vw, 225px\" \/>\t\t\t\t\t\t\t\t\t\t\t\t\t\t\t<\/div>\n\t\t\t\t<div class=\"elementor-element elementor-element-27aa8d7 elementor-widget-tablet__width-initial elementor-widget-mobile__width-initial elementor-widget elementor-widget-image\" data-id=\"27aa8d7\" data-element_type=\"widget\" data-widget_type=\"image.default\">\n\t\t\t\t\t\t\t\t\t\t\t\t\t\t\t<img loading=\"lazy\" decoding=\"async\" width=\"225\" height=\"300\" src=\"https:\/\/pristefacovih.si\/wp-content\/uploads\/2026\/02\/IMG_2622-225x300.jpeg\" class=\"attachment-medium size-medium wp-image-2388\" alt=\"\" srcset=\"https:\/\/pristefacovih.si\/wp-content\/uploads\/2026\/02\/IMG_2622-225x300.jpeg 225w, https:\/\/pristefacovih.si\/wp-content\/uploads\/2026\/02\/IMG_2622-768x1024.jpeg 768w, https:\/\/pristefacovih.si\/wp-content\/uploads\/2026\/02\/IMG_2622-1152x1536.jpeg 1152w, https:\/\/pristefacovih.si\/wp-content\/uploads\/2026\/02\/IMG_2622-1536x2048.jpeg 1536w, https:\/\/pristefacovih.si\/wp-content\/uploads\/2026\/02\/IMG_2622-9x12.jpeg 9w, https:\/\/pristefacovih.si\/wp-content\/uploads\/2026\/02\/IMG_2622-scaled.jpeg 1920w\" sizes=\"(max-width: 225px) 100vw, 225px\" \/>\t\t\t\t\t\t\t\t\t\t\t\t\t\t\t<\/div>\n\t\t\t\t<\/div>\n\t\t<div class=\"elementor-element elementor-element-79b3d90 e-con-full e-flex e-con e-child\" data-id=\"79b3d90\" data-element_type=\"container\">\n\t\t\t\t<div class=\"elementor-element elementor-element-333f2ef elementor-widget elementor-widget-image\" data-id=\"333f2ef\" data-element_type=\"widget\" data-widget_type=\"image.default\">\n\t\t\t\t\t\t\t\t\t\t\t\t\t\t\t<img loading=\"lazy\" decoding=\"async\" width=\"768\" height=\"512\" src=\"https:\/\/pristefacovih.si\/wp-content\/uploads\/2026\/02\/ZEROVNICA12-768x512.jpg\" class=\"attachment-medium_large size-medium_large wp-image-2386\" alt=\"\" srcset=\"https:\/\/pristefacovih.si\/wp-content\/uploads\/2026\/02\/ZEROVNICA12-768x512.jpg 768w, https:\/\/pristefacovih.si\/wp-content\/uploads\/2026\/02\/ZEROVNICA12-300x200.jpg 300w, https:\/\/pristefacovih.si\/wp-content\/uploads\/2026\/02\/ZEROVNICA12-1024x683.jpg 1024w, https:\/\/pristefacovih.si\/wp-content\/uploads\/2026\/02\/ZEROVNICA12-1536x1024.jpg 1536w, https:\/\/pristefacovih.si\/wp-content\/uploads\/2026\/02\/ZEROVNICA12-18x12.jpg 18w\" sizes=\"(max-width: 768px) 100vw, 768px\" \/>\t\t\t\t\t\t\t\t\t\t\t\t\t\t\t<\/div>\n\t\t\t\t<div class=\"elementor-element elementor-element-528b9e8 elementor-widget__width-initial elementor-widget-mobile__width-initial elementor-widget elementor-widget-image\" data-id=\"528b9e8\" data-element_type=\"widget\" data-widget_type=\"image.default\">\n\t\t\t\t\t\t\t\t\t\t\t\t\t\t\t<img loading=\"lazy\" decoding=\"async\" width=\"768\" height=\"1024\" src=\"https:\/\/pristefacovih.si\/wp-content\/uploads\/2026\/02\/IMG_5632-768x1024.jpeg\" class=\"attachment-medium_large size-medium_large wp-image-2400\" alt=\"\" srcset=\"https:\/\/pristefacovih.si\/wp-content\/uploads\/2026\/02\/IMG_5632-768x1024.jpeg 768w, https:\/\/pristefacovih.si\/wp-content\/uploads\/2026\/02\/IMG_5632-225x300.jpeg 225w, https:\/\/pristefacovih.si\/wp-content\/uploads\/2026\/02\/IMG_5632-1152x1536.jpeg 1152w, https:\/\/pristefacovih.si\/wp-content\/uploads\/2026\/02\/IMG_5632-1536x2048.jpeg 1536w, https:\/\/pristefacovih.si\/wp-content\/uploads\/2026\/02\/IMG_5632-9x12.jpeg 9w, https:\/\/pristefacovih.si\/wp-content\/uploads\/2026\/02\/IMG_5632-scaled.jpeg 1920w\" sizes=\"(max-width: 768px) 100vw, 768px\" \/>\t\t\t\t\t\t\t\t\t\t\t\t\t\t\t<\/div>\n\t\t\t\t<div class=\"elementor-element elementor-element-82c43de elementor-widget elementor-widget-image\" data-id=\"82c43de\" data-element_type=\"widget\" data-widget_type=\"image.default\">\n\t\t\t\t\t\t\t\t\t\t\t\t\t\t\t<img loading=\"lazy\" decoding=\"async\" width=\"300\" height=\"200\" src=\"https:\/\/pristefacovih.si\/wp-content\/uploads\/2026\/02\/080-PRI-STEFACOVIH-300x200.jpg\" class=\"attachment-medium size-medium wp-image-2391\" alt=\"\" srcset=\"https:\/\/pristefacovih.si\/wp-content\/uploads\/2026\/02\/080-PRI-STEFACOVIH-300x200.jpg 300w, https:\/\/pristefacovih.si\/wp-content\/uploads\/2026\/02\/080-PRI-STEFACOVIH-1024x683.jpg 1024w, https:\/\/pristefacovih.si\/wp-content\/uploads\/2026\/02\/080-PRI-STEFACOVIH-768x512.jpg 768w, https:\/\/pristefacovih.si\/wp-content\/uploads\/2026\/02\/080-PRI-STEFACOVIH-1536x1024.jpg 1536w, https:\/\/pristefacovih.si\/wp-content\/uploads\/2026\/02\/080-PRI-STEFACOVIH-2048x1365.jpg 2048w, https:\/\/pristefacovih.si\/wp-content\/uploads\/2026\/02\/080-PRI-STEFACOVIH-18x12.jpg 18w\" sizes=\"(max-width: 300px) 100vw, 300px\" \/>\t\t\t\t\t\t\t\t\t\t\t\t\t\t\t<\/div>\n\t\t\t\t<\/div>\n\t\t\t\t\t<\/div>\n\t\t\t\t<\/div>\n\t\t<div class=\"elementor-element elementor-element-84423f2 e-flex e-con-boxed e-con e-parent\" data-id=\"84423f2\" data-element_type=\"container\">\n\t\t\t\t\t<div class=\"e-con-inner\">\n\t\t\t\t<div class=\"elementor-element elementor-element-3dec14e elementor-widget elementor-widget-text-editor\" data-id=\"3dec14e\" data-element_type=\"widget\" data-widget_type=\"text-editor.default\">\n\t\t\t\t\t\t\t\t\t<p>Renovation of the Pri \u0160tefacovih homestead began in 2021 with a clear goal \u2013 to bring the house back to life. First, we had to fix the moisture problems, strengthen the structure, and remove the worn-out furniture. Renovation was not just aesthetic, but thorough and technically demanding.<\/p><p>Since the house is located in a village protected by monument preservation, we strictly followed the guidelines for the protection of cultural heritage. We preserved the proportions, materials, and character of the space so that the renovation blends with the village's appearance along the road.<\/p><p>During the work, we also discovered traces of family heritage \u2013 old construction details and objects that further connected us to the history of the homestead. The renovation became more than a project \u2013 it became a continuation of the story.<\/p>\t\t\t\t\t\t\t\t<\/div>\n\t\t\t\t\t<\/div>\n\t\t\t\t<\/div>\n\t\t\t\t<\/div>","protected":false},"excerpt":{"rendered":"<p>Projekt: Obnova doma\u010dije Pri \u0160tefacovih Obnova je bila so-financirana iz sredstev Evropskega kmetijskega sklada za razvoj pode\u017eelja, v okviru 2. [&hellip;]<\/p>\n","protected":false},"author":1,"featured_media":0,"parent":2154,"menu_order":0,"comment_status":"closed","ping_status":"closed","template":"","meta":{"site-sidebar-layout":"no-sidebar","site-content-layout":"","ast-site-content-layout":"full-width-container","site-content-style":"default","site-sidebar-style":"default","ast-global-header-display":"","ast-banner-title-visibility":"","ast-main-header-display":"","ast-hfb-above-header-display":"","ast-hfb-below-header-display":"","ast-hfb-mobile-header-display":"","site-post-title":"","ast-breadcrumbs-content":"","ast-featured-img":"disabled","footer-sml-layout":"","ast-disable-related-posts":"","theme-transparent-header-meta":"","adv-header-id-meta":"","stick-header-meta":"","header-above-stick-meta":"","header-main-stick-meta":"","header-below-stick-meta":"","astra-migrate-meta-layouts":"default","ast-page-background-enabled":"default","ast-page-background-meta":{"desktop":{"background-color":"var(--ast-global-color-5)","background-image":"","background-repeat":"repeat","background-position":"center center","background-size":"auto","background-attachment":"scroll","background-type":"","background-media":"","overlay-type":"","overlay-color":"","overlay-opacity":"","overlay-gradient":""},"tablet":{"background-color":"","background-image":"","background-repeat":"repeat","background-position":"center center","background-size":"auto","background-attachment":"scroll","background-type":"","background-media":"","overlay-type":"","overlay-color":"","overlay-opacity":"","overlay-gradient":""},"mobile":{"background-color":"","background-image":"","background-repeat":"repeat","background-position":"center center","background-size":"auto","background-attachment":"scroll","background-type":"","background-media":"","overlay-type":"","overlay-color":"","overlay-opacity":"","overlay-gradient":""}},"ast-content-background-meta":{"desktop":{"background-color":"var(--ast-global-color-4)","background-image":"","background-repeat":"repeat","background-position":"center center","background-size":"auto","background-attachment":"scroll","background-type":"","background-media":"","overlay-type":"","overlay-color":"","overlay-opacity":"","overlay-gradient":""},"tablet":{"background-color":"var(--ast-global-color-4)","background-image":"","background-repeat":"repeat","background-position":"center center","background-size":"auto","background-attachment":"scroll","background-type":"","background-media":"","overlay-type":"","overlay-color":"","overlay-opacity":"","overlay-gradient":""},"mobile":{"background-color":"var(--ast-global-color-4)","background-image":"","background-repeat":"repeat","background-position":"center center","background-size":"auto","background-attachment":"scroll","background-type":"","background-media":"","overlay-type":"","overlay-color":"","overlay-opacity":"","overlay-gradient":""}},"footnotes":""},"class_list":["post-2510","page","type-page","status-publish","hentry"],"yoast_head":"<!-- This site is optimized with the Yoast SEO plugin v26.9 - https:\/\/yoast.com\/product\/yoast-seo-wordpress\/ -->\n<title>Obnova doma\u010dije - Pri \u0160tefacovih \u2013 avtenti\u010dna hi\u0161a<\/title>\n<meta name=\"robots\" content=\"index, follow, max-snippet:-1, max-image-preview:large, max-video-preview:-1\" \/>\n<link rel=\"canonical\" href=\"https:\/\/pristefacovih.si\/en\/projekti\/obnova-domacije\/\" \/>\n<meta property=\"og:locale\" content=\"en_GB\" \/>\n<meta property=\"og:type\" content=\"article\" \/>\n<meta property=\"og:title\" content=\"Obnova doma\u010dije - Pri \u0160tefacovih \u2013 avtenti\u010dna hi\u0161a\" \/>\n<meta property=\"og:description\" content=\"Projekt: Obnova doma\u010dije Pri \u0160tefacovih Obnova je bila so-financirana iz sredstev Evropskega kmetijskega sklada za razvoj pode\u017eelja, v okviru 2. [&hellip;]\" \/>\n<meta property=\"og:url\" content=\"https:\/\/pristefacovih.si\/en\/projekti\/obnova-domacije\/\" \/>\n<meta property=\"og:site_name\" content=\"Pri \u0160tefacovih \u2013 avtenti\u010dna hi\u0161a\" \/>\n<meta property=\"article:publisher\" content=\"https:\/\/www.facebook.com\/share\/17wXZdvs8B\/?mibextid=wwXIfr\" \/>\n<meta property=\"article:modified_time\" content=\"2026-02-16T12:58:13+00:00\" \/>\n<meta property=\"og:image\" content=\"https:\/\/stefacovi.si\/wp-content\/uploads\/2026\/02\/DF1315D7-ACA8-4FFF-883E-0E6B5548E6C4.jpg\" \/>\n<meta name=\"twitter:card\" content=\"summary_large_image\" \/>\n<meta name=\"twitter:label1\" content=\"Estimated reading time\" \/>\n\t<meta name=\"twitter:data1\" content=\"1 minute\" \/>\n<script type=\"application\/ld+json\" class=\"yoast-schema-graph\">{\"@context\":\"https:\/\/schema.org\",\"@graph\":[{\"@type\":\"WebPage\",\"@id\":\"https:\/\/pristefacovih.si\/projekti\/obnova-domacije\/\",\"url\":\"https:\/\/pristefacovih.si\/projekti\/obnova-domacije\/\",\"name\":\"Obnova doma\u010dije - Pri \u0160tefacovih \u2013 avtenti\u010dna hi\u0161a\",\"isPartOf\":{\"@id\":\"https:\/\/pristefacovih.si\/#website\"},\"primaryImageOfPage\":{\"@id\":\"https:\/\/pristefacovih.si\/projekti\/obnova-domacije\/#primaryimage\"},\"image\":{\"@id\":\"https:\/\/pristefacovih.si\/projekti\/obnova-domacije\/#primaryimage\"},\"thumbnailUrl\":\"https:\/\/stefacovi.si\/wp-content\/uploads\/2026\/02\/DF1315D7-ACA8-4FFF-883E-0E6B5548E6C4.jpg\",\"datePublished\":\"2026-02-12T10:02:34+00:00\",\"dateModified\":\"2026-02-16T12:58:13+00:00\",\"breadcrumb\":{\"@id\":\"https:\/\/pristefacovih.si\/projekti\/obnova-domacije\/#breadcrumb\"},\"inLanguage\":\"en-GB\",\"potentialAction\":[{\"@type\":\"ReadAction\",\"target\":[\"https:\/\/pristefacovih.si\/projekti\/obnova-domacije\/\"]}]},{\"@type\":\"ImageObject\",\"inLanguage\":\"en-GB\",\"@id\":\"https:\/\/pristefacovih.si\/projekti\/obnova-domacije\/#primaryimage\",\"url\":\"https:\/\/stefacovi.si\/wp-content\/uploads\/2026\/02\/DF1315D7-ACA8-4FFF-883E-0E6B5548E6C4.jpg\",\"contentUrl\":\"https:\/\/stefacovi.si\/wp-content\/uploads\/2026\/02\/DF1315D7-ACA8-4FFF-883E-0E6B5548E6C4.jpg\"},{\"@type\":\"BreadcrumbList\",\"@id\":\"https:\/\/pristefacovih.si\/projekti\/obnova-domacije\/#breadcrumb\",\"itemListElement\":[{\"@type\":\"ListItem\",\"position\":1,\"name\":\"Home\",\"item\":\"https:\/\/pristefacovih.si\/\"},{\"@type\":\"ListItem\",\"position\":2,\"name\":\"Projekti\",\"item\":\"https:\/\/pristefacovih.si\/projekti\/\"},{\"@type\":\"ListItem\",\"position\":3,\"name\":\"Obnova doma\u010dije\"}]},{\"@type\":\"WebSite\",\"@id\":\"https:\/\/pristefacovih.si\/#website\",\"url\":\"https:\/\/pristefacovih.si\/\",\"name\":\"Pri \u0160tefacovih\",\"description\":\"Buti\u010dna nastanitev v srcu Notranjske\",\"publisher\":{\"@id\":\"https:\/\/pristefacovih.si\/#organization\"},\"potentialAction\":[{\"@type\":\"SearchAction\",\"target\":{\"@type\":\"EntryPoint\",\"urlTemplate\":\"https:\/\/pristefacovih.si\/?s={search_term_string}\"},\"query-input\":{\"@type\":\"PropertyValueSpecification\",\"valueRequired\":true,\"valueName\":\"search_term_string\"}}],\"inLanguage\":\"en-GB\"},{\"@type\":\"Organization\",\"@id\":\"https:\/\/pristefacovih.si\/#organization\",\"name\":\"Pri \u0160tefacovih\",\"url\":\"https:\/\/pristefacovih.si\/\",\"logo\":{\"@type\":\"ImageObject\",\"inLanguage\":\"en-GB\",\"@id\":\"https:\/\/pristefacovih.si\/#\/schema\/logo\/image\/\",\"url\":\"https:\/\/pristefacovih.si\/wp-content\/uploads\/2025\/12\/pri-stefacovih_logo-za-glavo-racuna-21-1.png\",\"contentUrl\":\"https:\/\/pristefacovih.si\/wp-content\/uploads\/2025\/12\/pri-stefacovih_logo-za-glavo-racuna-21-1.png\",\"width\":965,\"height\":312,\"caption\":\"Pri \u0160tefacovih\"},\"image\":{\"@id\":\"https:\/\/pristefacovih.si\/#\/schema\/logo\/image\/\"},\"sameAs\":[\"https:\/\/www.facebook.com\/share\/17wXZdvs8B\/?mibextid=wwXIfr\",\"https:\/\/www.instagram.com\/stefacovi\/\"]}]}<\/script>\n<!-- \/ Yoast SEO plugin. -->","yoast_head_json":{"title":"Obnova doma\u010dije - Pri \u0160tefacovih \u2013 avtenti\u010dna hi\u0161a","robots":{"index":"index","follow":"follow","max-snippet":"max-snippet:-1","max-image-preview":"max-image-preview:large","max-video-preview":"max-video-preview:-1"},"canonical":"https:\/\/pristefacovih.si\/en\/projekti\/obnova-domacije\/","og_locale":"en_GB","og_type":"article","og_title":"Obnova doma\u010dije - Pri \u0160tefacovih \u2013 avtenti\u010dna hi\u0161a","og_description":"Projekt: Obnova doma\u010dije Pri \u0160tefacovih Obnova je bila so-financirana iz sredstev Evropskega kmetijskega sklada za razvoj pode\u017eelja, v okviru 2. [&hellip;]","og_url":"https:\/\/pristefacovih.si\/en\/projekti\/obnova-domacije\/","og_site_name":"Pri \u0160tefacovih \u2013 avtenti\u010dna hi\u0161a","article_publisher":"https:\/\/www.facebook.com\/share\/17wXZdvs8B\/?mibextid=wwXIfr","article_modified_time":"2026-02-16T12:58:13+00:00","og_image":[{"url":"https:\/\/stefacovi.si\/wp-content\/uploads\/2026\/02\/DF1315D7-ACA8-4FFF-883E-0E6B5548E6C4.jpg","type":"","width":"","height":""}],"twitter_card":"summary_large_image","twitter_misc":{"Estimated reading time":"1 minute"},"schema":{"@context":"https:\/\/schema.org","@graph":[{"@type":"WebPage","@id":"https:\/\/pristefacovih.si\/projekti\/obnova-domacije\/","url":"https:\/\/pristefacovih.si\/projekti\/obnova-domacije\/","name":"Obnova doma\u010dije - Pri \u0160tefacovih \u2013 avtenti\u010dna hi\u0161a","isPartOf":{"@id":"https:\/\/pristefacovih.si\/#website"},"primaryImageOfPage":{"@id":"https:\/\/pristefacovih.si\/projekti\/obnova-domacije\/#primaryimage"},"image":{"@id":"https:\/\/pristefacovih.si\/projekti\/obnova-domacije\/#primaryimage"},"thumbnailUrl":"https:\/\/stefacovi.si\/wp-content\/uploads\/2026\/02\/DF1315D7-ACA8-4FFF-883E-0E6B5548E6C4.jpg","datePublished":"2026-02-12T10:02:34+00:00","dateModified":"2026-02-16T12:58:13+00:00","breadcrumb":{"@id":"https:\/\/pristefacovih.si\/projekti\/obnova-domacije\/#breadcrumb"},"inLanguage":"en-GB","potentialAction":[{"@type":"ReadAction","target":["https:\/\/pristefacovih.si\/projekti\/obnova-domacije\/"]}]},{"@type":"ImageObject","inLanguage":"en-GB","@id":"https:\/\/pristefacovih.si\/projekti\/obnova-domacije\/#primaryimage","url":"https:\/\/stefacovi.si\/wp-content\/uploads\/2026\/02\/DF1315D7-ACA8-4FFF-883E-0E6B5548E6C4.jpg","contentUrl":"https:\/\/stefacovi.si\/wp-content\/uploads\/2026\/02\/DF1315D7-ACA8-4FFF-883E-0E6B5548E6C4.jpg"},{"@type":"BreadcrumbList","@id":"https:\/\/pristefacovih.si\/projekti\/obnova-domacije\/#breadcrumb","itemListElement":[{"@type":"ListItem","position":1,"name":"Home","item":"https:\/\/pristefacovih.si\/"},{"@type":"ListItem","position":2,"name":"Projekti","item":"https:\/\/pristefacovih.si\/projekti\/"},{"@type":"ListItem","position":3,"name":"Obnova doma\u010dije"}]},{"@type":"WebSite","@id":"https:\/\/pristefacovih.si\/#website","url":"https:\/\/pristefacovih.si\/","name":"Pri \u0160tefacovih","description":"Buti\u010dna nastanitev v srcu Notranjske","publisher":{"@id":"https:\/\/pristefacovih.si\/#organization"},"potentialAction":[{"@type":"SearchAction","target":{"@type":"EntryPoint","urlTemplate":"https:\/\/pristefacovih.si\/?s={search_term_string}"},"query-input":{"@type":"PropertyValueSpecification","valueRequired":true,"valueName":"search_term_string"}}],"inLanguage":"en-GB"},{"@type":"Organization","@id":"https:\/\/pristefacovih.si\/#organization","name":"Pri \u0160tefacovih","url":"https:\/\/pristefacovih.si\/","logo":{"@type":"ImageObject","inLanguage":"en-GB","@id":"https:\/\/pristefacovih.si\/#\/schema\/logo\/image\/","url":"https:\/\/pristefacovih.si\/wp-content\/uploads\/2025\/12\/pri-stefacovih_logo-za-glavo-racuna-21-1.png","contentUrl":"https:\/\/pristefacovih.si\/wp-content\/uploads\/2025\/12\/pri-stefacovih_logo-za-glavo-racuna-21-1.png","width":965,"height":312,"caption":"Pri \u0160tefacovih"},"image":{"@id":"https:\/\/pristefacovih.si\/#\/schema\/logo\/image\/"},"sameAs":["https:\/\/www.facebook.com\/share\/17wXZdvs8B\/?mibextid=wwXIfr","https:\/\/www.instagram.com\/stefacovi\/"]}]}},"_links":{"self":[{"href":"https:\/\/pristefacovih.si\/en\/wp-json\/wp\/v2\/pages\/2510","targetHints":{"allow":["GET"]}}],"collection":[{"href":"https:\/\/pristefacovih.si\/en\/wp-json\/wp\/v2\/pages"}],"about":[{"href":"https:\/\/pristefacovih.si\/en\/wp-json\/wp\/v2\/types\/page"}],"author":[{"embeddable":true,"href":"https:\/\/pristefacovih.si\/en\/wp-json\/wp\/v2\/users\/1"}],"replies":[{"embeddable":true,"href":"https:\/\/pristefacovih.si\/en\/wp-json\/wp\/v2\/comments?post=2510"}],"version-history":[{"count":67,"href":"https:\/\/pristefacovih.si\/en\/wp-json\/wp\/v2\/pages\/2510\/revisions"}],"predecessor-version":[{"id":2732,"href":"https:\/\/pristefacovih.si\/en\/wp-json\/wp\/v2\/pages\/2510\/revisions\/2732"}],"up":[{"embeddable":true,"href":"https:\/\/pristefacovih.si\/en\/wp-json\/wp\/v2\/pages\/2154"}],"wp:attachment":[{"href":"https:\/\/pristefacovih.si\/en\/wp-json\/wp\/v2\/media?parent=2510"}],"curies":[{"name":"wp","href":"https:\/\/api.w.org\/{rel}","templated":true}]}}