{"id":518,"date":"2026-01-06T18:51:20","date_gmt":"2026-01-06T17:51:20","guid":{"rendered":"https:\/\/stefacovi.si\/?page_id=518"},"modified":"2026-02-27T11:13:04","modified_gmt":"2026-02-27T10:13:04","slug":"o-nas","status":"publish","type":"page","link":"https:\/\/pristefacovih.si\/en\/o-nas\/","title":{"rendered":"About Us"},"content":{"rendered":"<div data-elementor-type=\"wp-page\" data-elementor-id=\"518\" class=\"elementor elementor-518\" data-elementor-post-type=\"page\">\n\t\t\t\t<div class=\"elementor-element elementor-element-949ac25 e-flex e-con-boxed e-con e-parent\" data-id=\"949ac25\" data-element_type=\"container\" data-settings=\"{&quot;background_background&quot;:&quot;classic&quot;}\">\n\t\t\t\t\t<div class=\"e-con-inner\">\n\t\t<div class=\"elementor-element elementor-element-40740ff e-con-full e-flex e-con e-child\" data-id=\"40740ff\" data-element_type=\"container\">\n\t\t\t\t<div class=\"elementor-element elementor-element-0dc9488 elementor-widget elementor-widget-heading\" data-id=\"0dc9488\" data-element_type=\"widget\" data-widget_type=\"heading.default\">\n\t\t\t\t\t<h2 class=\"elementor-heading-title elementor-size-default\">ABOUT OUR FAMILY<\/h2>\t\t\t\t<\/div>\n\t\t\t\t<div class=\"elementor-element elementor-element-5539151 elementor-widget elementor-widget-text-editor\" data-id=\"5539151\" data-element_type=\"widget\" data-widget_type=\"text-editor.default\">\n\t\t\t\t\t\t\t\t\t<p>We are a family that has lived and farmed on this homestead for centuries, closely connected to the land and its rhythm. What we share with our guests today is a way of life that has been passed down from generation to generation.<\/p>\t\t\t\t\t\t\t\t<\/div>\n\t\t\t\t<div class=\"elementor-element elementor-element-5664fb6 elementor-widget elementor-widget-image\" data-id=\"5664fb6\" data-element_type=\"widget\" data-widget_type=\"image.default\">\n\t\t\t\t\t\t\t\t\t\t\t\t\t\t\t<img fetchpriority=\"high\" decoding=\"async\" width=\"1024\" height=\"683\" src=\"https:\/\/pristefacovih.si\/wp-content\/uploads\/2026\/01\/ZEROVNICA-49-1024x683.jpg\" class=\"attachment-large size-large wp-image-1342\" alt=\"\" srcset=\"https:\/\/pristefacovih.si\/wp-content\/uploads\/2026\/01\/ZEROVNICA-49-1024x683.jpg 1024w, https:\/\/pristefacovih.si\/wp-content\/uploads\/2026\/01\/ZEROVNICA-49-300x200.jpg 300w, https:\/\/pristefacovih.si\/wp-content\/uploads\/2026\/01\/ZEROVNICA-49-768x512.jpg 768w, https:\/\/pristefacovih.si\/wp-content\/uploads\/2026\/01\/ZEROVNICA-49-1536x1024.jpg 1536w\" sizes=\"(max-width: 1024px) 100vw, 1024px\" \/>\t\t\t\t\t\t\t\t\t\t\t\t\t\t\t<\/div>\n\t\t\t\t<div class=\"elementor-element elementor-element-8ef18a1 elementor-widget elementor-widget-image\" data-id=\"8ef18a1\" data-element_type=\"widget\" data-widget_type=\"image.default\">\n\t\t\t\t\t\t\t\t\t\t\t\t\t\t\t<img decoding=\"async\" width=\"768\" height=\"581\" src=\"https:\/\/pristefacovih.si\/wp-content\/uploads\/2026\/01\/cebela-768x581.jpg\" class=\"attachment-medium_large size-medium_large wp-image-2140\" alt=\"\" srcset=\"https:\/\/pristefacovih.si\/wp-content\/uploads\/2026\/01\/cebela-768x581.jpg 768w, https:\/\/pristefacovih.si\/wp-content\/uploads\/2026\/01\/cebela-300x227.jpg 300w, https:\/\/pristefacovih.si\/wp-content\/uploads\/2026\/01\/cebela-16x12.jpg 16w, https:\/\/pristefacovih.si\/wp-content\/uploads\/2026\/01\/cebela.jpg 960w\" sizes=\"(max-width: 768px) 100vw, 768px\" \/>\t\t\t\t\t\t\t\t\t\t\t\t\t\t\t<\/div>\n\t\t\t\t<\/div>\n\t\t<div class=\"elementor-element elementor-element-9d80f69 e-con-full e-flex e-con e-child\" data-id=\"9d80f69\" data-element_type=\"container\">\n\t\t\t\t<div class=\"elementor-element elementor-element-624536b elementor-widget elementor-widget-image\" data-id=\"624536b\" data-element_type=\"widget\" data-widget_type=\"image.default\">\n\t\t\t\t\t\t\t\t\t\t\t\t\t\t\t<img decoding=\"async\" width=\"1024\" height=\"683\" src=\"https:\/\/pristefacovih.si\/wp-content\/uploads\/2026\/01\/ZEROVNICA-55-1024x683.jpg\" class=\"attachment-large size-large wp-image-1341\" alt=\"\" srcset=\"https:\/\/pristefacovih.si\/wp-content\/uploads\/2026\/01\/ZEROVNICA-55-1024x683.jpg 1024w, https:\/\/pristefacovih.si\/wp-content\/uploads\/2026\/01\/ZEROVNICA-55-300x200.jpg 300w, https:\/\/pristefacovih.si\/wp-content\/uploads\/2026\/01\/ZEROVNICA-55-768x512.jpg 768w, https:\/\/pristefacovih.si\/wp-content\/uploads\/2026\/01\/ZEROVNICA-55-1536x1024.jpg 1536w, https:\/\/pristefacovih.si\/wp-content\/uploads\/2026\/01\/ZEROVNICA-55-2048x1365.jpg 2048w\" sizes=\"(max-width: 1024px) 100vw, 1024px\" \/>\t\t\t\t\t\t\t\t\t\t\t\t\t\t\t<\/div>\n\t\t\t\t<div class=\"elementor-element elementor-element-c26fce3 elementor-widget elementor-widget-image\" data-id=\"c26fce3\" data-element_type=\"widget\" data-widget_type=\"image.default\">\n\t\t\t\t\t\t\t\t\t\t\t\t\t\t\t\t<a href=\"https:\/\/www.lipica.org\/en\/\">\n\t\t\t\t\t\t\t<img loading=\"lazy\" decoding=\"async\" width=\"720\" height=\"540\" src=\"https:\/\/pristefacovih.si\/wp-content\/uploads\/2026\/01\/konjici.jpg\" class=\"attachment-medium_large size-medium_large wp-image-2136\" alt=\"Lipica\" srcset=\"https:\/\/pristefacovih.si\/wp-content\/uploads\/2026\/01\/konjici.jpg 720w, https:\/\/pristefacovih.si\/wp-content\/uploads\/2026\/01\/konjici-300x225.jpg 300w, https:\/\/pristefacovih.si\/wp-content\/uploads\/2026\/01\/konjici-16x12.jpg 16w\" sizes=\"(max-width: 720px) 100vw, 720px\" \/>\t\t\t\t\t\t\t\t<\/a>\n\t\t\t\t\t\t\t\t\t\t\t\t\t\t\t<\/div>\n\t\t\t\t<\/div>\n\t\t<div class=\"elementor-element elementor-element-edddb66 e-con-full e-flex e-con e-child\" data-id=\"edddb66\" data-element_type=\"container\">\n\t\t\t\t<div class=\"elementor-element elementor-element-6ca2f75 elementor-widget elementor-widget-text-editor\" data-id=\"6ca2f75\" data-element_type=\"widget\" data-widget_type=\"text-editor.default\">\n\t\t\t\t\t\t\t\t\t<p data-start=\"234\" data-end=\"829\">Beekeeping, Lipizzaner breeding, and in recent years, organic farming are not just activities, but a way of life that we live every day. The homestead has always been closely connected to the natural environment through fishing, which was an important part of everyday survival in this area \u2013 as a reflection of time, natural conditions, and the relationship between man and nature.<br data-start=\"646\" data-end=\"649\" \/>In the past, the farm also operated a sawmill, where wood was processed for the needs of the farm and the surrounding area, and the tradition of working with wood is still alive today in the form of the preserved Venetian window.<\/p><p data-start=\"831\" data-end=\"1336\">Doma\u010dijo sva z veliko spo\u0161tovanja do njene zgodovine uredili in obnovili Vera in Maru\u0161a, mama in h\u010di. Obnova je temeljila na izku\u0161njah in znanjih, ki jih prena\u0161ava tudi v najine druge projekte, kjer na podoben na\u010din povezujemo prostor, dedi\u0161\u010dino in sodobno rabo. Najina \u017eelja je bila ohraniti du\u0161o stare doma\u010dije ter ji hkrati vdihniti novo \u017eivljenje \u2013 ustvariti topel, doma\u010d prostor, kjer se lahko vsakdo po\u010duti dobrodo\u0161lega. Upava, da boste v na\u0161i hi\u0161i za\u010dutili vsaj del pristnosti okolja, v katerem \u017eivimo.<\/p><p data-start=\"831\" data-end=\"1336\"><a href=\"https:\/\/pristefacovih.si\/en\/projekti\/\">Learn more about our projects\u2026<\/a><\/p>\t\t\t\t\t\t\t\t<\/div>\n\t\t\t\t<\/div>\n\t\t\t\t\t<\/div>\n\t\t\t\t<\/div>\n\t\t<div class=\"elementor-element elementor-element-250653d e-flex e-con-boxed e-con e-parent\" data-id=\"250653d\" data-element_type=\"container\" data-settings=\"{&quot;background_background&quot;:&quot;classic&quot;}\">\n\t\t\t\t\t<div class=\"e-con-inner\">\n\t\t\t\t<div class=\"elementor-element elementor-element-7b073b6 elementor-align-center elementor-widget elementor-widget-button\" data-id=\"7b073b6\" data-element_type=\"widget\" data-widget_type=\"button.default\">\n\t\t\t\t\t\t\t\t\t\t<a class=\"elementor-button elementor-button-link elementor-size-sm\" href=\"mailto:info@stefacovi.si\">\n\t\t\t\t\t\t<span class=\"elementor-button-content-wrapper\">\n\t\t\t\t\t\t\t\t\t<span class=\"elementor-button-text\">Write to us<\/span>\n\t\t\t\t\t<\/span>\n\t\t\t\t\t<\/a>\n\t\t\t\t\t\t\t\t<\/div>\n\t\t\t\t\t<\/div>\n\t\t\t\t<\/div>\n\t\t\t\t<\/div>","protected":false},"excerpt":{"rendered":"<p>O NA\u0160I DRU\u017dINI Smo dru\u017eina, ki na tej doma\u010diji \u017eivi in kmetuje \u017ee stoletja, tesno povezana z zemljo in njenim [&hellip;]<\/p>\n","protected":false},"author":1,"featured_media":0,"parent":0,"menu_order":0,"comment_status":"closed","ping_status":"closed","template":"","meta":{"site-sidebar-layout":"no-sidebar","site-content-layout":"","ast-site-content-layout":"full-width-container","site-content-style":"default","site-sidebar-style":"default","ast-global-header-display":"","ast-banner-title-visibility":"","ast-main-header-display":"","ast-hfb-above-header-display":"","ast-hfb-below-header-display":"","ast-hfb-mobile-header-display":"","site-post-title":"","ast-breadcrumbs-content":"","ast-featured-img":"disabled","footer-sml-layout":"","ast-disable-related-posts":"","theme-transparent-header-meta":"","adv-header-id-meta":"","stick-header-meta":"","header-above-stick-meta":"","header-main-stick-meta":"","header-below-stick-meta":"","astra-migrate-meta-layouts":"default","ast-page-background-enabled":"default","ast-page-background-meta":{"desktop":{"background-color":"var(--ast-global-color-5)","background-image":"","background-repeat":"repeat","background-position":"center center","background-size":"auto","background-attachment":"scroll","background-type":"","background-media":"","overlay-type":"","overlay-color":"","overlay-opacity":"","overlay-gradient":""},"tablet":{"background-color":"","background-image":"","background-repeat":"repeat","background-position":"center center","background-size":"auto","background-attachment":"scroll","background-type":"","background-media":"","overlay-type":"","overlay-color":"","overlay-opacity":"","overlay-gradient":""},"mobile":{"background-color":"","background-image":"","background-repeat":"repeat","background-position":"center center","background-size":"auto","background-attachment":"scroll","background-type":"","background-media":"","overlay-type":"","overlay-color":"","overlay-opacity":"","overlay-gradient":""}},"ast-content-background-meta":{"desktop":{"background-color":"var(--ast-global-color-4)","background-image":"","background-repeat":"repeat","background-position":"center center","background-size":"auto","background-attachment":"scroll","background-type":"","background-media":"","overlay-type":"","overlay-color":"","overlay-opacity":"","overlay-gradient":""},"tablet":{"background-color":"var(--ast-global-color-4)","background-image":"","background-repeat":"repeat","background-position":"center center","background-size":"auto","background-attachment":"scroll","background-type":"","background-media":"","overlay-type":"","overlay-color":"","overlay-opacity":"","overlay-gradient":""},"mobile":{"background-color":"var(--ast-global-color-4)","background-image":"","background-repeat":"repeat","background-position":"center center","background-size":"auto","background-attachment":"scroll","background-type":"","background-media":"","overlay-type":"","overlay-color":"","overlay-opacity":"","overlay-gradient":""}},"footnotes":""},"class_list":["post-518","page","type-page","status-publish","hentry"],"yoast_head":"<!-- This site is optimized with the Yoast SEO plugin v26.9 - https:\/\/yoast.com\/product\/yoast-seo-wordpress\/ -->\n<title>O nas - Pri \u0160tefacovih \u2013 avtenti\u010dna hi\u0161a<\/title>\n<meta name=\"robots\" content=\"index, follow, max-snippet:-1, max-image-preview:large, max-video-preview:-1\" \/>\n<link rel=\"canonical\" href=\"https:\/\/pristefacovih.si\/en\/o-nas\/\" \/>\n<meta property=\"og:locale\" content=\"en_GB\" \/>\n<meta property=\"og:type\" content=\"article\" \/>\n<meta property=\"og:title\" content=\"O nas - Pri \u0160tefacovih \u2013 avtenti\u010dna hi\u0161a\" \/>\n<meta property=\"og:description\" content=\"O NA\u0160I DRU\u017dINI Smo dru\u017eina, ki na tej doma\u010diji \u017eivi in kmetuje \u017ee stoletja, tesno povezana z zemljo in njenim [&hellip;]\" \/>\n<meta property=\"og:url\" content=\"https:\/\/pristefacovih.si\/en\/o-nas\/\" \/>\n<meta property=\"og:site_name\" content=\"Pri \u0160tefacovih \u2013 avtenti\u010dna hi\u0161a\" \/>\n<meta property=\"article:publisher\" content=\"https:\/\/www.facebook.com\/share\/17wXZdvs8B\/?mibextid=wwXIfr\" \/>\n<meta property=\"article:modified_time\" content=\"2026-02-27T10:13:04+00:00\" \/>\n<meta property=\"og:image\" content=\"https:\/\/pristefacovih.si\/wp-content\/uploads\/2026\/01\/ZEROVNICA-49-1024x683.jpg\" \/>\n\t<meta property=\"og:image:width\" content=\"1024\" \/>\n\t<meta property=\"og:image:height\" content=\"683\" \/>\n\t<meta property=\"og:image:type\" content=\"image\/jpeg\" \/>\n<meta name=\"twitter:card\" content=\"summary_large_image\" \/>\n<meta name=\"twitter:label1\" content=\"Estimated reading time\" \/>\n\t<meta name=\"twitter:data1\" content=\"2 minutes\" \/>\n<script type=\"application\/ld+json\" class=\"yoast-schema-graph\">{\"@context\":\"https:\/\/schema.org\",\"@graph\":[{\"@type\":\"WebPage\",\"@id\":\"https:\/\/pristefacovih.si\/o-nas\/\",\"url\":\"https:\/\/pristefacovih.si\/o-nas\/\",\"name\":\"O nas - Pri \u0160tefacovih \u2013 avtenti\u010dna hi\u0161a\",\"isPartOf\":{\"@id\":\"https:\/\/pristefacovih.si\/#website\"},\"primaryImageOfPage\":{\"@id\":\"https:\/\/pristefacovih.si\/o-nas\/#primaryimage\"},\"image\":{\"@id\":\"https:\/\/pristefacovih.si\/o-nas\/#primaryimage\"},\"thumbnailUrl\":\"https:\/\/pristefacovih.si\/wp-content\/uploads\/2026\/01\/ZEROVNICA-49-1024x683.jpg\",\"datePublished\":\"2026-01-06T17:51:20+00:00\",\"dateModified\":\"2026-02-27T10:13:04+00:00\",\"breadcrumb\":{\"@id\":\"https:\/\/pristefacovih.si\/o-nas\/#breadcrumb\"},\"inLanguage\":\"en-GB\",\"potentialAction\":[{\"@type\":\"ReadAction\",\"target\":[\"https:\/\/pristefacovih.si\/o-nas\/\"]}]},{\"@type\":\"ImageObject\",\"inLanguage\":\"en-GB\",\"@id\":\"https:\/\/pristefacovih.si\/o-nas\/#primaryimage\",\"url\":\"https:\/\/pristefacovih.si\/wp-content\/uploads\/2026\/01\/ZEROVNICA-49-1024x683.jpg\",\"contentUrl\":\"https:\/\/pristefacovih.si\/wp-content\/uploads\/2026\/01\/ZEROVNICA-49-1024x683.jpg\"},{\"@type\":\"BreadcrumbList\",\"@id\":\"https:\/\/pristefacovih.si\/o-nas\/#breadcrumb\",\"itemListElement\":[{\"@type\":\"ListItem\",\"position\":1,\"name\":\"Home\",\"item\":\"https:\/\/pristefacovih.si\/\"},{\"@type\":\"ListItem\",\"position\":2,\"name\":\"O nas\"}]},{\"@type\":\"WebSite\",\"@id\":\"https:\/\/pristefacovih.si\/#website\",\"url\":\"https:\/\/pristefacovih.si\/\",\"name\":\"Pri \u0160tefacovih\",\"description\":\"Buti\u010dna nastanitev v srcu Notranjske\",\"publisher\":{\"@id\":\"https:\/\/pristefacovih.si\/#organization\"},\"potentialAction\":[{\"@type\":\"SearchAction\",\"target\":{\"@type\":\"EntryPoint\",\"urlTemplate\":\"https:\/\/pristefacovih.si\/?s={search_term_string}\"},\"query-input\":{\"@type\":\"PropertyValueSpecification\",\"valueRequired\":true,\"valueName\":\"search_term_string\"}}],\"inLanguage\":\"en-GB\"},{\"@type\":\"Organization\",\"@id\":\"https:\/\/pristefacovih.si\/#organization\",\"name\":\"Pri \u0160tefacovih\",\"url\":\"https:\/\/pristefacovih.si\/\",\"logo\":{\"@type\":\"ImageObject\",\"inLanguage\":\"en-GB\",\"@id\":\"https:\/\/pristefacovih.si\/#\/schema\/logo\/image\/\",\"url\":\"https:\/\/pristefacovih.si\/wp-content\/uploads\/2025\/12\/pri-stefacovih_logo-za-glavo-racuna-21-1.png\",\"contentUrl\":\"https:\/\/pristefacovih.si\/wp-content\/uploads\/2025\/12\/pri-stefacovih_logo-za-glavo-racuna-21-1.png\",\"width\":965,\"height\":312,\"caption\":\"Pri \u0160tefacovih\"},\"image\":{\"@id\":\"https:\/\/pristefacovih.si\/#\/schema\/logo\/image\/\"},\"sameAs\":[\"https:\/\/www.facebook.com\/share\/17wXZdvs8B\/?mibextid=wwXIfr\",\"https:\/\/www.instagram.com\/stefacovi\/\"]}]}<\/script>\n<!-- \/ Yoast SEO plugin. -->","yoast_head_json":{"title":"O nas - Pri \u0160tefacovih \u2013 avtenti\u010dna hi\u0161a","robots":{"index":"index","follow":"follow","max-snippet":"max-snippet:-1","max-image-preview":"max-image-preview:large","max-video-preview":"max-video-preview:-1"},"canonical":"https:\/\/pristefacovih.si\/en\/o-nas\/","og_locale":"en_GB","og_type":"article","og_title":"O nas - Pri \u0160tefacovih \u2013 avtenti\u010dna hi\u0161a","og_description":"O NA\u0160I DRU\u017dINI Smo dru\u017eina, ki na tej doma\u010diji \u017eivi in kmetuje \u017ee stoletja, tesno povezana z zemljo in njenim [&hellip;]","og_url":"https:\/\/pristefacovih.si\/en\/o-nas\/","og_site_name":"Pri \u0160tefacovih \u2013 avtenti\u010dna hi\u0161a","article_publisher":"https:\/\/www.facebook.com\/share\/17wXZdvs8B\/?mibextid=wwXIfr","article_modified_time":"2026-02-27T10:13:04+00:00","og_image":[{"width":1024,"height":683,"url":"https:\/\/pristefacovih.si\/wp-content\/uploads\/2026\/01\/ZEROVNICA-49-1024x683.jpg","type":"image\/jpeg"}],"twitter_card":"summary_large_image","twitter_misc":{"Estimated reading time":"2 minutes"},"schema":{"@context":"https:\/\/schema.org","@graph":[{"@type":"WebPage","@id":"https:\/\/pristefacovih.si\/o-nas\/","url":"https:\/\/pristefacovih.si\/o-nas\/","name":"O nas - Pri \u0160tefacovih \u2013 avtenti\u010dna hi\u0161a","isPartOf":{"@id":"https:\/\/pristefacovih.si\/#website"},"primaryImageOfPage":{"@id":"https:\/\/pristefacovih.si\/o-nas\/#primaryimage"},"image":{"@id":"https:\/\/pristefacovih.si\/o-nas\/#primaryimage"},"thumbnailUrl":"https:\/\/pristefacovih.si\/wp-content\/uploads\/2026\/01\/ZEROVNICA-49-1024x683.jpg","datePublished":"2026-01-06T17:51:20+00:00","dateModified":"2026-02-27T10:13:04+00:00","breadcrumb":{"@id":"https:\/\/pristefacovih.si\/o-nas\/#breadcrumb"},"inLanguage":"en-GB","potentialAction":[{"@type":"ReadAction","target":["https:\/\/pristefacovih.si\/o-nas\/"]}]},{"@type":"ImageObject","inLanguage":"en-GB","@id":"https:\/\/pristefacovih.si\/o-nas\/#primaryimage","url":"https:\/\/pristefacovih.si\/wp-content\/uploads\/2026\/01\/ZEROVNICA-49-1024x683.jpg","contentUrl":"https:\/\/pristefacovih.si\/wp-content\/uploads\/2026\/01\/ZEROVNICA-49-1024x683.jpg"},{"@type":"BreadcrumbList","@id":"https:\/\/pristefacovih.si\/o-nas\/#breadcrumb","itemListElement":[{"@type":"ListItem","position":1,"name":"Home","item":"https:\/\/pristefacovih.si\/"},{"@type":"ListItem","position":2,"name":"O nas"}]},{"@type":"WebSite","@id":"https:\/\/pristefacovih.si\/#website","url":"https:\/\/pristefacovih.si\/","name":"Pri \u0160tefacovih","description":"Buti\u010dna nastanitev v srcu Notranjske","publisher":{"@id":"https:\/\/pristefacovih.si\/#organization"},"potentialAction":[{"@type":"SearchAction","target":{"@type":"EntryPoint","urlTemplate":"https:\/\/pristefacovih.si\/?s={search_term_string}"},"query-input":{"@type":"PropertyValueSpecification","valueRequired":true,"valueName":"search_term_string"}}],"inLanguage":"en-GB"},{"@type":"Organization","@id":"https:\/\/pristefacovih.si\/#organization","name":"Pri \u0160tefacovih","url":"https:\/\/pristefacovih.si\/","logo":{"@type":"ImageObject","inLanguage":"en-GB","@id":"https:\/\/pristefacovih.si\/#\/schema\/logo\/image\/","url":"https:\/\/pristefacovih.si\/wp-content\/uploads\/2025\/12\/pri-stefacovih_logo-za-glavo-racuna-21-1.png","contentUrl":"https:\/\/pristefacovih.si\/wp-content\/uploads\/2025\/12\/pri-stefacovih_logo-za-glavo-racuna-21-1.png","width":965,"height":312,"caption":"Pri \u0160tefacovih"},"image":{"@id":"https:\/\/pristefacovih.si\/#\/schema\/logo\/image\/"},"sameAs":["https:\/\/www.facebook.com\/share\/17wXZdvs8B\/?mibextid=wwXIfr","https:\/\/www.instagram.com\/stefacovi\/"]}]}},"_links":{"self":[{"href":"https:\/\/pristefacovih.si\/en\/wp-json\/wp\/v2\/pages\/518","targetHints":{"allow":["GET"]}}],"collection":[{"href":"https:\/\/pristefacovih.si\/en\/wp-json\/wp\/v2\/pages"}],"about":[{"href":"https:\/\/pristefacovih.si\/en\/wp-json\/wp\/v2\/types\/page"}],"author":[{"embeddable":true,"href":"https:\/\/pristefacovih.si\/en\/wp-json\/wp\/v2\/users\/1"}],"replies":[{"embeddable":true,"href":"https:\/\/pristefacovih.si\/en\/wp-json\/wp\/v2\/comments?post=518"}],"version-history":[{"count":112,"href":"https:\/\/pristefacovih.si\/en\/wp-json\/wp\/v2\/pages\/518\/revisions"}],"predecessor-version":[{"id":2771,"href":"https:\/\/pristefacovih.si\/en\/wp-json\/wp\/v2\/pages\/518\/revisions\/2771"}],"wp:attachment":[{"href":"https:\/\/pristefacovih.si\/en\/wp-json\/wp\/v2\/media?parent=518"}],"curies":[{"name":"wp","href":"https:\/\/api.w.org\/{rel}","templated":true}]}}