{"id":519,"date":"2026-01-06T18:51:20","date_gmt":"2026-01-06T17:51:20","guid":{"rendered":"https:\/\/stefacovi.si\/?page_id=519"},"modified":"2026-02-11T12:26:14","modified_gmt":"2026-02-11T11:26:14","slug":"dozivetja","status":"publish","type":"page","link":"https:\/\/pristefacovih.si\/en\/dozivetja\/","title":{"rendered":"Experiences"},"content":{"rendered":"<div data-elementor-type=\"wp-page\" data-elementor-id=\"519\" class=\"elementor elementor-519\" data-elementor-post-type=\"page\">\n\t\t\t\t<div class=\"elementor-element elementor-element-20bcf72 e-flex e-con-boxed e-con e-parent\" data-id=\"20bcf72\" data-element_type=\"container\">\n\t\t\t\t\t<div class=\"e-con-inner\">\n\t\t\t\t<div class=\"elementor-element elementor-element-5fc355b elementor-widget elementor-widget-heading\" data-id=\"5fc355b\" data-element_type=\"widget\" data-widget_type=\"heading.default\">\n\t\t\t\t\t<h2 class=\"elementor-heading-title elementor-size-default\">In the Rhythm of Nature<\/h2>\t\t\t\t<\/div>\n\t\t\t\t<div class=\"elementor-element elementor-element-8d52e63 elementor-widget elementor-widget-text-editor\" data-id=\"8d52e63\" data-element_type=\"widget\" data-widget_type=\"text-editor.default\">\n\t\t\t\t\t\t\t\t\t<p>On the edge of Lake Cerknica, nature reveals itself anew and never the same. The shifting landscape invites slow walks, birdwatching, and moments when time stands still.<\/p>\t\t\t\t\t\t\t\t<\/div>\n\t\t\t\t<div class=\"elementor-element elementor-element-f7949a8 elementor-widget elementor-widget-image\" data-id=\"f7949a8\" data-element_type=\"widget\" data-widget_type=\"image.default\">\n\t\t\t\t\t\t\t\t\t\t\t\t\t\t\t<img fetchpriority=\"high\" decoding=\"async\" width=\"900\" height=\"600\" src=\"https:\/\/pristefacovih.si\/wp-content\/uploads\/2026\/01\/Cerknisko-jezero-3.jpg\" class=\"attachment-large size-large wp-image-1359\" alt=\"Nature landscape near Lake Cerknica Slovenia\" srcset=\"https:\/\/pristefacovih.si\/wp-content\/uploads\/2026\/01\/Cerknisko-jezero-3.jpg 900w, https:\/\/pristefacovih.si\/wp-content\/uploads\/2026\/01\/Cerknisko-jezero-3-300x200.jpg 300w, https:\/\/pristefacovih.si\/wp-content\/uploads\/2026\/01\/Cerknisko-jezero-3-768x512.jpg 768w\" sizes=\"(max-width: 900px) 100vw, 900px\" \/>\t\t\t\t\t\t\t\t\t\t\t\t\t\t\t<\/div>\n\t\t\t\t\t<\/div>\n\t\t\t\t<\/div>\n\t\t<div class=\"elementor-element elementor-element-01ee231 e-flex e-con-boxed e-con e-parent\" data-id=\"01ee231\" data-element_type=\"container\" data-settings=\"{&quot;background_background&quot;:&quot;classic&quot;}\">\n\t\t\t\t\t<div class=\"e-con-inner\">\n\t\t<div class=\"elementor-element elementor-element-54c7c3c e-con-full e-flex e-con e-child\" data-id=\"54c7c3c\" data-element_type=\"container\">\n\t\t\t\t<div class=\"elementor-element elementor-element-f91d455 elementor-widget elementor-widget-heading\" data-id=\"f91d455\" data-element_type=\"widget\" data-widget_type=\"heading.default\">\n\t\t\t\t\t<h2 class=\"elementor-heading-title elementor-size-default\">Around Us<\/h2>\t\t\t\t<\/div>\n\t\t\t\t<div class=\"elementor-element elementor-element-3fb878e elementor-widget elementor-widget-text-editor\" data-id=\"3fb878e\" data-element_type=\"widget\" data-widget_type=\"text-editor.default\">\n\t\t\t\t\t\t\t\t\t<p>Nearby Postojna Cave, the karst landscape unfolds. <span class=\"hover:entity-accent entity-underline inline cursor-pointer align-baseline\"><span class=\"whitespace-normal\">Rakov \u0160kocjan<\/span><\/span>is known for its natural stone bridges and scenic walks, while above the landscape rises <span class=\"hover:entity-accent entity-underline inline cursor-pointer align-baseline\"><span class=\"whitespace-normal\">Slivnica<\/span><\/span> offering far-reaching views across the region. A sense of peace and seclusion is further enhanced by the forests of <span class=\"hover:entity-accent entity-underline inline cursor-pointer align-baseline\"><span class=\"whitespace-normal\">Javornik<\/span><\/span>, where nature remains quiet and largely untouched.<\/p>\t\t\t\t\t\t\t\t<\/div>\n\t\t\t\t<div class=\"elementor-element elementor-element-2307d07 elementor-widget__width-initial elementor-widget elementor-widget-image\" data-id=\"2307d07\" data-element_type=\"widget\" data-widget_type=\"image.default\">\n\t\t\t\t\t\t\t\t\t\t\t\t\t\t\t<img decoding=\"async\" width=\"1024\" height=\"681\" src=\"https:\/\/pristefacovih.si\/wp-content\/uploads\/2026\/01\/Javorniki_gozd-1280x852_-1024x681.jpg\" class=\"attachment-large size-large wp-image-1374\" alt=\"\" srcset=\"https:\/\/pristefacovih.si\/wp-content\/uploads\/2026\/01\/Javorniki_gozd-1280x852_-1024x681.jpg 1024w, https:\/\/pristefacovih.si\/wp-content\/uploads\/2026\/01\/Javorniki_gozd-1280x852_-300x200.jpg 300w, https:\/\/pristefacovih.si\/wp-content\/uploads\/2026\/01\/Javorniki_gozd-1280x852_-768x511.jpg 768w, https:\/\/pristefacovih.si\/wp-content\/uploads\/2026\/01\/Javorniki_gozd-1280x852_-1536x1022.jpg 1536w, https:\/\/pristefacovih.si\/wp-content\/uploads\/2026\/01\/Javorniki_gozd-1280x852_.jpg 2040w\" sizes=\"(max-width: 1024px) 100vw, 1024px\" \/>\t\t\t\t\t\t\t\t\t\t\t\t\t\t\t<\/div>\n\t\t\t\t<\/div>\n\t\t<div class=\"elementor-element elementor-element-84f5f3a e-con-full e-flex e-con e-child\" data-id=\"84f5f3a\" data-element_type=\"container\">\n\t\t\t\t<div class=\"elementor-element elementor-element-0656d96 elementor-widget elementor-widget-image\" data-id=\"0656d96\" data-element_type=\"widget\" data-widget_type=\"image.default\">\n\t\t\t\t\t\t\t\t\t\t\t\t\t\t\t<img decoding=\"async\" width=\"768\" height=\"513\" src=\"https:\/\/pristefacovih.si\/wp-content\/uploads\/2026\/01\/Cerknisko-jezero-1-768x513.jpg\" class=\"attachment-medium_large size-medium_large wp-image-1371\" alt=\"\" srcset=\"https:\/\/pristefacovih.si\/wp-content\/uploads\/2026\/01\/Cerknisko-jezero-1-768x513.jpg 768w, https:\/\/pristefacovih.si\/wp-content\/uploads\/2026\/01\/Cerknisko-jezero-1-300x200.jpg 300w, https:\/\/pristefacovih.si\/wp-content\/uploads\/2026\/01\/Cerknisko-jezero-1.jpg 900w\" sizes=\"(max-width: 768px) 100vw, 768px\" \/>\t\t\t\t\t\t\t\t\t\t\t\t\t\t\t<\/div>\n\t\t\t\t<div class=\"elementor-element elementor-element-f2ab5ec elementor-widget__width-initial elementor-widget elementor-widget-image\" data-id=\"f2ab5ec\" data-element_type=\"widget\" data-widget_type=\"image.default\">\n\t\t\t\t\t\t\t\t\t\t\t\t\t\t\t<img loading=\"lazy\" decoding=\"async\" width=\"1024\" height=\"683\" src=\"https:\/\/pristefacovih.si\/wp-content\/uploads\/2026\/01\/medo-1024x683.jpg\" class=\"attachment-large size-large wp-image-1391\" alt=\"Wildlife watching in Slovenia countryside near Lake Cerknica\" srcset=\"https:\/\/pristefacovih.si\/wp-content\/uploads\/2026\/01\/medo-1024x683.jpg 1024w, https:\/\/pristefacovih.si\/wp-content\/uploads\/2026\/01\/medo-300x200.jpg 300w, https:\/\/pristefacovih.si\/wp-content\/uploads\/2026\/01\/medo-768x512.jpg 768w, https:\/\/pristefacovih.si\/wp-content\/uploads\/2026\/01\/medo-1536x1024.jpg 1536w, https:\/\/pristefacovih.si\/wp-content\/uploads\/2026\/01\/medo.jpg 1620w\" sizes=\"(max-width: 1024px) 100vw, 1024px\" \/>\t\t\t\t\t\t\t\t\t\t\t\t\t\t\t<\/div>\n\t\t\t\t<\/div>\n\t\t\t\t\t<\/div>\n\t\t\t\t<\/div>\n\t\t<div class=\"elementor-element elementor-element-751fa8e e-flex e-con-boxed e-con e-parent\" data-id=\"751fa8e\" data-element_type=\"container\">\n\t\t\t\t\t<div class=\"e-con-inner\">\n\t\t<div class=\"elementor-element elementor-element-51ee61b e-con-full e-flex e-con e-child\" data-id=\"51ee61b\" data-element_type=\"container\">\n\t\t\t\t<div class=\"elementor-element elementor-element-c1783ad elementor-widget elementor-widget-image\" data-id=\"c1783ad\" data-element_type=\"widget\" data-widget_type=\"image.default\">\n\t\t\t\t\t\t\t\t\t\t\t\t\t\t\t<img loading=\"lazy\" decoding=\"async\" width=\"768\" height=\"358\" src=\"https:\/\/pristefacovih.si\/wp-content\/uploads\/2026\/01\/Krizna_jama-Kalvarija-foto_Gasper_Modic-1-768x358.jpg\" class=\"attachment-medium_large size-medium_large wp-image-1381\" alt=\"Karst cave experience in Slovenia near heritage accommodation\" srcset=\"https:\/\/pristefacovih.si\/wp-content\/uploads\/2026\/01\/Krizna_jama-Kalvarija-foto_Gasper_Modic-1-768x358.jpg 768w, https:\/\/pristefacovih.si\/wp-content\/uploads\/2026\/01\/Krizna_jama-Kalvarija-foto_Gasper_Modic-1-300x140.jpg 300w, https:\/\/pristefacovih.si\/wp-content\/uploads\/2026\/01\/Krizna_jama-Kalvarija-foto_Gasper_Modic-1-1024x478.jpg 1024w, https:\/\/pristefacovih.si\/wp-content\/uploads\/2026\/01\/Krizna_jama-Kalvarija-foto_Gasper_Modic-1.jpg 1404w\" sizes=\"(max-width: 768px) 100vw, 768px\" \/>\t\t\t\t\t\t\t\t\t\t\t\t\t\t\t<\/div>\n\t\t\t\t<div class=\"elementor-element elementor-element-b4dbeb6 elementor-widget elementor-widget-image\" data-id=\"b4dbeb6\" data-element_type=\"widget\" data-widget_type=\"image.default\">\n\t\t\t\t\t\t\t\t\t\t\t\t\t\t\t<img loading=\"lazy\" decoding=\"async\" width=\"768\" height=\"510\" src=\"https:\/\/pristefacovih.si\/wp-content\/uploads\/2026\/01\/Zoran_Vidrih_Zerjavi_2022_-768x510.jpg\" class=\"attachment-medium_large size-medium_large wp-image-1383\" alt=\"Birdwatching at Lake Cerknica Slovenia\" srcset=\"https:\/\/pristefacovih.si\/wp-content\/uploads\/2026\/01\/Zoran_Vidrih_Zerjavi_2022_-768x510.jpg 768w, https:\/\/pristefacovih.si\/wp-content\/uploads\/2026\/01\/Zoran_Vidrih_Zerjavi_2022_-300x199.jpg 300w, https:\/\/pristefacovih.si\/wp-content\/uploads\/2026\/01\/Zoran_Vidrih_Zerjavi_2022_.jpg 1008w\" sizes=\"(max-width: 768px) 100vw, 768px\" \/>\t\t\t\t\t\t\t\t\t\t\t\t\t\t\t<\/div>\n\t\t\t\t<\/div>\n\t\t<div class=\"elementor-element elementor-element-3d85683 e-con-full e-flex e-con e-child\" data-id=\"3d85683\" data-element_type=\"container\">\n\t\t<div class=\"elementor-element elementor-element-ce8a5d4 e-con-full e-flex e-con e-child\" data-id=\"ce8a5d4\" data-element_type=\"container\">\n\t\t\t\t<div class=\"elementor-element elementor-element-7d5d2f6 elementor-widget elementor-widget-heading\" data-id=\"7d5d2f6\" data-element_type=\"widget\" data-widget_type=\"heading.default\">\n\t\t\t\t\t<h2 class=\"elementor-heading-title elementor-size-default\">Activities<\/h2>\t\t\t\t<\/div>\n\t\t\t\t<\/div>\n\t\t\t\t<div class=\"elementor-element elementor-element-fbbbbb9 elementor-widget elementor-widget-text-editor\" data-id=\"fbbbbb9\" data-element_type=\"widget\" data-widget_type=\"text-editor.default\">\n\t\t\t\t\t\t\t\t\t<p data-start=\"211\" data-end=\"460\">The surrounding area offers numerous opportunities for exploration and nature-based experiences. Among the nearby attractions stand out the mysterious cave <span class=\"hover:entity-accent entity-underline inline cursor-pointer align-baseline\"><span class=\"whitespace-normal\">Kri\u017ena jama<\/span><\/span> and the fairytale-like <span class=\"hover:entity-accent entity-underline inline cursor-pointer align-baseline\"><span class=\"whitespace-normal\">Sne\u017enik Castle<\/span><\/span>, both popular destinations for peaceful day trips.<\/p><p data-start=\"462\" data-end=\"643\">Here, walking, cycling, birdwatching, and discovering karst features intertwine with a sense of slowness and quiet  and much more that gradually reveals itself, without haste.<\/p>\t\t\t\t\t\t\t\t<\/div>\n\t\t<div class=\"elementor-element elementor-element-099f0b0 e-con-full e-flex e-con e-child\" data-id=\"099f0b0\" data-element_type=\"container\">\n\t\t\t\t<div class=\"elementor-element elementor-element-d5df8c5 elementor-widget elementor-widget-image\" data-id=\"d5df8c5\" data-element_type=\"widget\" data-widget_type=\"image.default\">\n\t\t\t\t\t\t\t\t\t\t\t\t\t\t\t<img loading=\"lazy\" decoding=\"async\" width=\"1024\" height=\"477\" src=\"https:\/\/pristefacovih.si\/wp-content\/uploads\/2026\/01\/Kolesarjenje-v-Notranjskem-parku-1_-1024x477.jpg\" class=\"attachment-large size-large wp-image-1382\" alt=\"Cycling in Slovenia countryside near Lake Cerknica\" srcset=\"https:\/\/pristefacovih.si\/wp-content\/uploads\/2026\/01\/Kolesarjenje-v-Notranjskem-parku-1_-1024x477.jpg 1024w, https:\/\/pristefacovih.si\/wp-content\/uploads\/2026\/01\/Kolesarjenje-v-Notranjskem-parku-1_-300x140.jpg 300w, https:\/\/pristefacovih.si\/wp-content\/uploads\/2026\/01\/Kolesarjenje-v-Notranjskem-parku-1_-768x358.jpg 768w, https:\/\/pristefacovih.si\/wp-content\/uploads\/2026\/01\/Kolesarjenje-v-Notranjskem-parku-1_.jpg 1152w\" sizes=\"(max-width: 1024px) 100vw, 1024px\" \/>\t\t\t\t\t\t\t\t\t\t\t\t\t\t\t<\/div>\n\t\t\t\t<\/div>\n\t\t\t\t<\/div>\n\t\t\t\t\t<\/div>\n\t\t\t\t<\/div>\n\t\t<div class=\"elementor-element elementor-element-c58d8df e-flex e-con-boxed e-con e-parent\" data-id=\"c58d8df\" data-element_type=\"container\" data-settings=\"{&quot;background_background&quot;:&quot;classic&quot;}\">\n\t\t\t\t\t<div class=\"e-con-inner\">\n\t\t<div class=\"elementor-element elementor-element-78ffc93 e-con-full e-flex e-con e-child\" data-id=\"78ffc93\" data-element_type=\"container\">\n\t\t\t\t<div class=\"elementor-element elementor-element-89e0137 elementor-widget elementor-widget-text-editor\" data-id=\"89e0137\" data-element_type=\"widget\" data-widget_type=\"text-editor.default\">\n\t\t\t\t\t\t\t\t\t<p>In Slovenia, experiences are not planned \u2014 they unfold naturally.<\/p>\t\t\t\t\t\t\t\t<\/div>\n\t\t\t\t<div class=\"elementor-element elementor-element-bd1a498 elementor-widget elementor-widget-heading\" data-id=\"bd1a498\" data-element_type=\"widget\" data-widget_type=\"heading.default\">\n\t\t\t\t\t<h2 class=\"elementor-heading-title elementor-size-default\"><a href=\"https:\/\/notranjski-park.si\/\" target=\"_blank\">If you wish to plan your experiences as well, you can find inspiration here\u2026<\/a><\/h2>\t\t\t\t<\/div>\n\t\t\t\t<\/div>\n\t\t<div class=\"elementor-element elementor-element-95ec44d e-con-full e-flex e-con e-child\" data-id=\"95ec44d\" data-element_type=\"container\">\n\t\t\t\t<div class=\"elementor-element elementor-element-d8adfa8 elementor-widget elementor-widget-image\" data-id=\"d8adfa8\" data-element_type=\"widget\" data-widget_type=\"image.default\">\n\t\t\t\t\t\t\t\t\t\t\t\t\t\t\t<img loading=\"lazy\" decoding=\"async\" width=\"690\" height=\"419\" src=\"https:\/\/pristefacovih.si\/wp-content\/uploads\/2026\/01\/sneznikllblaz.jpg\" class=\"attachment-large size-large wp-image-1401\" alt=\"\" srcset=\"https:\/\/pristefacovih.si\/wp-content\/uploads\/2026\/01\/sneznikllblaz.jpg 690w, https:\/\/pristefacovih.si\/wp-content\/uploads\/2026\/01\/sneznikllblaz-300x182.jpg 300w\" sizes=\"(max-width: 690px) 100vw, 690px\" \/>\t\t\t\t\t\t\t\t\t\t\t\t\t\t\t<\/div>\n\t\t\t\t<\/div>\n\t\t\t\t\t<\/div>\n\t\t\t\t<\/div>\n\t\t<div class=\"elementor-element elementor-element-abbee35 e-flex e-con-boxed e-con e-parent\" data-id=\"abbee35\" data-element_type=\"container\">\n\t\t\t\t\t<div class=\"e-con-inner\">\n\t\t\t\t\t<\/div>\n\t\t\t\t<\/div>\n\t\t\t\t<\/div>","protected":false},"excerpt":{"rendered":"<p>V RITMU NARAVE Na robu Cerkni\u0161kega jezera se narava razkriva vedno znova in nikoli enako. Presihajo\u010da pokrajina vabi k po\u010dasnim [&hellip;]<\/p>\n","protected":false},"author":1,"featured_media":0,"parent":0,"menu_order":0,"comment_status":"closed","ping_status":"closed","template":"","meta":{"site-sidebar-layout":"no-sidebar","site-content-layout":"","ast-site-content-layout":"full-width-container","site-content-style":"default","site-sidebar-style":"default","ast-global-header-display":"","ast-banner-title-visibility":"","ast-main-header-display":"","ast-hfb-above-header-display":"","ast-hfb-below-header-display":"","ast-hfb-mobile-header-display":"","site-post-title":"","ast-breadcrumbs-content":"","ast-featured-img":"disabled","footer-sml-layout":"","ast-disable-related-posts":"","theme-transparent-header-meta":"","adv-header-id-meta":"","stick-header-meta":"","header-above-stick-meta":"","header-main-stick-meta":"","header-below-stick-meta":"","astra-migrate-meta-layouts":"default","ast-page-background-enabled":"default","ast-page-background-meta":{"desktop":{"background-color":"var(--ast-global-color-5)","background-image":"","background-repeat":"repeat","background-position":"center center","background-size":"auto","background-attachment":"scroll","background-type":"","background-media":"","overlay-type":"","overlay-color":"","overlay-opacity":"","overlay-gradient":""},"tablet":{"background-color":"","background-image":"","background-repeat":"repeat","background-position":"center center","background-size":"auto","background-attachment":"scroll","background-type":"","background-media":"","overlay-type":"","overlay-color":"","overlay-opacity":"","overlay-gradient":""},"mobile":{"background-color":"","background-image":"","background-repeat":"repeat","background-position":"center center","background-size":"auto","background-attachment":"scroll","background-type":"","background-media":"","overlay-type":"","overlay-color":"","overlay-opacity":"","overlay-gradient":""}},"ast-content-background-meta":{"desktop":{"background-color":"var(--ast-global-color-4)","background-image":"","background-repeat":"repeat","background-position":"center center","background-size":"auto","background-attachment":"scroll","background-type":"","background-media":"","overlay-type":"","overlay-color":"","overlay-opacity":"","overlay-gradient":""},"tablet":{"background-color":"var(--ast-global-color-4)","background-image":"","background-repeat":"repeat","background-position":"center center","background-size":"auto","background-attachment":"scroll","background-type":"","background-media":"","overlay-type":"","overlay-color":"","overlay-opacity":"","overlay-gradient":""},"mobile":{"background-color":"var(--ast-global-color-4)","background-image":"","background-repeat":"repeat","background-position":"center center","background-size":"auto","background-attachment":"scroll","background-type":"","background-media":"","overlay-type":"","overlay-color":"","overlay-opacity":"","overlay-gradient":""}},"footnotes":""},"class_list":["post-519","page","type-page","status-publish","hentry"],"yoast_head":"<!-- This site is optimized with the Yoast SEO plugin v26.9 - https:\/\/yoast.com\/product\/yoast-seo-wordpress\/ -->\n<title>Do\u017eivetja - Pri \u0160tefacovih \u2013 avtenti\u010dna hi\u0161a<\/title>\n<meta name=\"robots\" content=\"index, follow, max-snippet:-1, max-image-preview:large, max-video-preview:-1\" \/>\n<link rel=\"canonical\" href=\"https:\/\/pristefacovih.si\/en\/dozivetja\/\" \/>\n<meta property=\"og:locale\" content=\"en_GB\" \/>\n<meta property=\"og:type\" content=\"article\" \/>\n<meta property=\"og:title\" content=\"Do\u017eivetja - Pri \u0160tefacovih \u2013 avtenti\u010dna hi\u0161a\" \/>\n<meta property=\"og:description\" content=\"V RITMU NARAVE Na robu Cerkni\u0161kega jezera se narava razkriva vedno znova in nikoli enako. Presihajo\u010da pokrajina vabi k po\u010dasnim [&hellip;]\" \/>\n<meta property=\"og:url\" content=\"https:\/\/pristefacovih.si\/en\/dozivetja\/\" \/>\n<meta property=\"og:site_name\" content=\"Pri \u0160tefacovih \u2013 avtenti\u010dna hi\u0161a\" \/>\n<meta property=\"article:publisher\" content=\"https:\/\/www.facebook.com\/share\/17wXZdvs8B\/?mibextid=wwXIfr\" \/>\n<meta property=\"article:modified_time\" content=\"2026-02-11T11:26:14+00:00\" \/>\n<meta property=\"og:image\" content=\"https:\/\/stefacovi.si\/wp-content\/uploads\/2026\/01\/Cerknisko-jezero-3.jpg\" \/>\n<meta name=\"twitter:card\" content=\"summary_large_image\" \/>\n<meta name=\"twitter:label1\" content=\"Estimated reading time\" \/>\n\t<meta name=\"twitter:data1\" content=\"1 minute\" \/>\n<script type=\"application\/ld+json\" class=\"yoast-schema-graph\">{\"@context\":\"https:\/\/schema.org\",\"@graph\":[{\"@type\":\"WebPage\",\"@id\":\"https:\/\/pristefacovih.si\/dozivetja\/\",\"url\":\"https:\/\/pristefacovih.si\/dozivetja\/\",\"name\":\"Do\u017eivetja - Pri \u0160tefacovih \u2013 avtenti\u010dna hi\u0161a\",\"isPartOf\":{\"@id\":\"https:\/\/pristefacovih.si\/#website\"},\"primaryImageOfPage\":{\"@id\":\"https:\/\/pristefacovih.si\/dozivetja\/#primaryimage\"},\"image\":{\"@id\":\"https:\/\/pristefacovih.si\/dozivetja\/#primaryimage\"},\"thumbnailUrl\":\"https:\/\/stefacovi.si\/wp-content\/uploads\/2026\/01\/Cerknisko-jezero-3.jpg\",\"datePublished\":\"2026-01-06T17:51:20+00:00\",\"dateModified\":\"2026-02-11T11:26:14+00:00\",\"breadcrumb\":{\"@id\":\"https:\/\/pristefacovih.si\/dozivetja\/#breadcrumb\"},\"inLanguage\":\"en-GB\",\"potentialAction\":[{\"@type\":\"ReadAction\",\"target\":[\"https:\/\/pristefacovih.si\/dozivetja\/\"]}]},{\"@type\":\"ImageObject\",\"inLanguage\":\"en-GB\",\"@id\":\"https:\/\/pristefacovih.si\/dozivetja\/#primaryimage\",\"url\":\"https:\/\/stefacovi.si\/wp-content\/uploads\/2026\/01\/Cerknisko-jezero-3.jpg\",\"contentUrl\":\"https:\/\/stefacovi.si\/wp-content\/uploads\/2026\/01\/Cerknisko-jezero-3.jpg\"},{\"@type\":\"BreadcrumbList\",\"@id\":\"https:\/\/pristefacovih.si\/dozivetja\/#breadcrumb\",\"itemListElement\":[{\"@type\":\"ListItem\",\"position\":1,\"name\":\"Home\",\"item\":\"https:\/\/pristefacovih.si\/\"},{\"@type\":\"ListItem\",\"position\":2,\"name\":\"Do\u017eivetja\"}]},{\"@type\":\"WebSite\",\"@id\":\"https:\/\/pristefacovih.si\/#website\",\"url\":\"https:\/\/pristefacovih.si\/\",\"name\":\"Pri \u0160tefacovih\",\"description\":\"Buti\u010dna nastanitev v srcu Notranjske\",\"publisher\":{\"@id\":\"https:\/\/pristefacovih.si\/#organization\"},\"potentialAction\":[{\"@type\":\"SearchAction\",\"target\":{\"@type\":\"EntryPoint\",\"urlTemplate\":\"https:\/\/pristefacovih.si\/?s={search_term_string}\"},\"query-input\":{\"@type\":\"PropertyValueSpecification\",\"valueRequired\":true,\"valueName\":\"search_term_string\"}}],\"inLanguage\":\"en-GB\"},{\"@type\":\"Organization\",\"@id\":\"https:\/\/pristefacovih.si\/#organization\",\"name\":\"Pri \u0160tefacovih\",\"url\":\"https:\/\/pristefacovih.si\/\",\"logo\":{\"@type\":\"ImageObject\",\"inLanguage\":\"en-GB\",\"@id\":\"https:\/\/pristefacovih.si\/#\/schema\/logo\/image\/\",\"url\":\"https:\/\/pristefacovih.si\/wp-content\/uploads\/2025\/12\/pri-stefacovih_logo-za-glavo-racuna-21-1.png\",\"contentUrl\":\"https:\/\/pristefacovih.si\/wp-content\/uploads\/2025\/12\/pri-stefacovih_logo-za-glavo-racuna-21-1.png\",\"width\":965,\"height\":312,\"caption\":\"Pri \u0160tefacovih\"},\"image\":{\"@id\":\"https:\/\/pristefacovih.si\/#\/schema\/logo\/image\/\"},\"sameAs\":[\"https:\/\/www.facebook.com\/share\/17wXZdvs8B\/?mibextid=wwXIfr\",\"https:\/\/www.instagram.com\/stefacovi\/\"]}]}<\/script>\n<!-- \/ Yoast SEO plugin. -->","yoast_head_json":{"title":"Do\u017eivetja - Pri \u0160tefacovih \u2013 avtenti\u010dna hi\u0161a","robots":{"index":"index","follow":"follow","max-snippet":"max-snippet:-1","max-image-preview":"max-image-preview:large","max-video-preview":"max-video-preview:-1"},"canonical":"https:\/\/pristefacovih.si\/en\/dozivetja\/","og_locale":"en_GB","og_type":"article","og_title":"Do\u017eivetja - Pri \u0160tefacovih \u2013 avtenti\u010dna hi\u0161a","og_description":"V RITMU NARAVE Na robu Cerkni\u0161kega jezera se narava razkriva vedno znova in nikoli enako. Presihajo\u010da pokrajina vabi k po\u010dasnim [&hellip;]","og_url":"https:\/\/pristefacovih.si\/en\/dozivetja\/","og_site_name":"Pri \u0160tefacovih \u2013 avtenti\u010dna hi\u0161a","article_publisher":"https:\/\/www.facebook.com\/share\/17wXZdvs8B\/?mibextid=wwXIfr","article_modified_time":"2026-02-11T11:26:14+00:00","og_image":[{"url":"https:\/\/stefacovi.si\/wp-content\/uploads\/2026\/01\/Cerknisko-jezero-3.jpg","type":"","width":"","height":""}],"twitter_card":"summary_large_image","twitter_misc":{"Estimated reading time":"1 minute"},"schema":{"@context":"https:\/\/schema.org","@graph":[{"@type":"WebPage","@id":"https:\/\/pristefacovih.si\/dozivetja\/","url":"https:\/\/pristefacovih.si\/dozivetja\/","name":"Do\u017eivetja - Pri \u0160tefacovih \u2013 avtenti\u010dna hi\u0161a","isPartOf":{"@id":"https:\/\/pristefacovih.si\/#website"},"primaryImageOfPage":{"@id":"https:\/\/pristefacovih.si\/dozivetja\/#primaryimage"},"image":{"@id":"https:\/\/pristefacovih.si\/dozivetja\/#primaryimage"},"thumbnailUrl":"https:\/\/stefacovi.si\/wp-content\/uploads\/2026\/01\/Cerknisko-jezero-3.jpg","datePublished":"2026-01-06T17:51:20+00:00","dateModified":"2026-02-11T11:26:14+00:00","breadcrumb":{"@id":"https:\/\/pristefacovih.si\/dozivetja\/#breadcrumb"},"inLanguage":"en-GB","potentialAction":[{"@type":"ReadAction","target":["https:\/\/pristefacovih.si\/dozivetja\/"]}]},{"@type":"ImageObject","inLanguage":"en-GB","@id":"https:\/\/pristefacovih.si\/dozivetja\/#primaryimage","url":"https:\/\/stefacovi.si\/wp-content\/uploads\/2026\/01\/Cerknisko-jezero-3.jpg","contentUrl":"https:\/\/stefacovi.si\/wp-content\/uploads\/2026\/01\/Cerknisko-jezero-3.jpg"},{"@type":"BreadcrumbList","@id":"https:\/\/pristefacovih.si\/dozivetja\/#breadcrumb","itemListElement":[{"@type":"ListItem","position":1,"name":"Home","item":"https:\/\/pristefacovih.si\/"},{"@type":"ListItem","position":2,"name":"Do\u017eivetja"}]},{"@type":"WebSite","@id":"https:\/\/pristefacovih.si\/#website","url":"https:\/\/pristefacovih.si\/","name":"Pri \u0160tefacovih","description":"Buti\u010dna nastanitev v srcu Notranjske","publisher":{"@id":"https:\/\/pristefacovih.si\/#organization"},"potentialAction":[{"@type":"SearchAction","target":{"@type":"EntryPoint","urlTemplate":"https:\/\/pristefacovih.si\/?s={search_term_string}"},"query-input":{"@type":"PropertyValueSpecification","valueRequired":true,"valueName":"search_term_string"}}],"inLanguage":"en-GB"},{"@type":"Organization","@id":"https:\/\/pristefacovih.si\/#organization","name":"Pri \u0160tefacovih","url":"https:\/\/pristefacovih.si\/","logo":{"@type":"ImageObject","inLanguage":"en-GB","@id":"https:\/\/pristefacovih.si\/#\/schema\/logo\/image\/","url":"https:\/\/pristefacovih.si\/wp-content\/uploads\/2025\/12\/pri-stefacovih_logo-za-glavo-racuna-21-1.png","contentUrl":"https:\/\/pristefacovih.si\/wp-content\/uploads\/2025\/12\/pri-stefacovih_logo-za-glavo-racuna-21-1.png","width":965,"height":312,"caption":"Pri \u0160tefacovih"},"image":{"@id":"https:\/\/pristefacovih.si\/#\/schema\/logo\/image\/"},"sameAs":["https:\/\/www.facebook.com\/share\/17wXZdvs8B\/?mibextid=wwXIfr","https:\/\/www.instagram.com\/stefacovi\/"]}]}},"_links":{"self":[{"href":"https:\/\/pristefacovih.si\/en\/wp-json\/wp\/v2\/pages\/519","targetHints":{"allow":["GET"]}}],"collection":[{"href":"https:\/\/pristefacovih.si\/en\/wp-json\/wp\/v2\/pages"}],"about":[{"href":"https:\/\/pristefacovih.si\/en\/wp-json\/wp\/v2\/types\/page"}],"author":[{"embeddable":true,"href":"https:\/\/pristefacovih.si\/en\/wp-json\/wp\/v2\/users\/1"}],"replies":[{"embeddable":true,"href":"https:\/\/pristefacovih.si\/en\/wp-json\/wp\/v2\/comments?post=519"}],"version-history":[{"count":127,"href":"https:\/\/pristefacovih.si\/en\/wp-json\/wp\/v2\/pages\/519\/revisions"}],"predecessor-version":[{"id":2495,"href":"https:\/\/pristefacovih.si\/en\/wp-json\/wp\/v2\/pages\/519\/revisions\/2495"}],"wp:attachment":[{"href":"https:\/\/pristefacovih.si\/en\/wp-json\/wp\/v2\/media?parent=519"}],"curies":[{"name":"wp","href":"https:\/\/api.w.org\/{rel}","templated":true}]}}